{"id":17484,"date":"2017-09-05T14:34:19","date_gmt":"2017-09-05T12:34:19","guid":{"rendered":"http:\/\/shop.larus.ch.rubin.metanet.ch\/product\/composteur-stable\/"},"modified":"2026-04-19T03:15:37","modified_gmt":"2026-04-19T01:15:37","slug":"composteur-stable-2","status":"publish","type":"product","link":"https:\/\/shop.larus.ch\/fr\/product\/composteur-stable-2\/","title":{"rendered":"Composteur stable"},"content":{"rendered":"<p>Composteur stable en m\u00e9l\u00e8ze naturel, sans aubier se compos\u00e9 de 4 poteaux carr\u00e9 de 9x9x100cm avec des d\u00e9coupes, 32 planches de 2x10x98cm, 4 bord de protection, incl. 8 vis en acier inoxydable, 4 support m\u00e9talliques et anneau de vis \u00e0 bois<\/p>\n","protected":false},"excerpt":{"rendered":"<p>Composteur stable en m\u00e9l\u00e8ze naturel, sans aubier se compos\u00e9 de 4 poteaux carr\u00e9 de 9x9x100cm avec des d\u00e9coupes, 32 planches de 2x10x98cm, 4 bord de protection, incl. 8 vis en acier inoxydable, 4 support m\u00e9talliques et anneau de vis \u00e0 bois<\/p>\n","protected":false},"featured_media":325734,"template":"","meta":[],"product_cat":[59443],"product_tag":[],"_links":{"self":[{"href":"https:\/\/shop.larus.ch\/fr\/wp-json\/wp\/v2\/product\/17484"}],"collection":[{"href":"https:\/\/shop.larus.ch\/fr\/wp-json\/wp\/v2\/product"}],"about":[{"href":"https:\/\/shop.larus.ch\/fr\/wp-json\/wp\/v2\/types\/product"}],"wp:featuredmedia":[{"embeddable":true,"href":"https:\/\/shop.larus.ch\/fr\/wp-json\/wp\/v2\/media\/325734"}],"wp:attachment":[{"href":"https:\/\/shop.larus.ch\/fr\/wp-json\/wp\/v2\/media?parent=17484"}],"wp:term":[{"taxonomy":"product_cat","embeddable":true,"href":"https:\/\/shop.larus.ch\/fr\/wp-json\/wp\/v2\/product_cat?post=17484"},{"taxonomy":"product_tag","embeddable":true,"href":"https:\/\/shop.larus.ch\/fr\/wp-json\/wp\/v2\/product_tag?post=17484"}],"curies":[{"name":"wp","href":"https:\/\/api.w.org\/{rel}","templated":true}]}}