{"id":17477,"date":"2017-09-05T14:34:17","date_gmt":"2017-09-05T12:34:17","guid":{"rendered":"http:\/\/shop.larus.ch.rubin.metanet.ch\/product\/bac-potager-fanes\/"},"modified":"2026-04-21T03:05:49","modified_gmt":"2026-04-21T01:05:49","slug":"bac-potager-fanes","status":"publish","type":"product","link":"https:\/\/shop.larus.ch\/fr\/product\/bac-potager-fanes\/","title":{"rendered":"Bac potager Fanes"},"content":{"rendered":"<p>Bac potager Fanes <br \/>avec feuille et treillis m\u00e9tallique galvanis\u00e9 avec maille hexagonale, planches non trait\u00e9s incl. planches de couverture<\/p>\n","protected":false},"excerpt":{"rendered":"<p>Bac potager Fanes <br \/>avec feuille et treillis m\u00e9tallique galvanis\u00e9 avec maille hexagonale, planches non trait\u00e9s incl. planches de couverture<\/p>\n","protected":false},"featured_media":322999,"template":"","meta":[],"product_cat":[59435],"product_tag":[],"_links":{"self":[{"href":"https:\/\/shop.larus.ch\/fr\/wp-json\/wp\/v2\/product\/17477"}],"collection":[{"href":"https:\/\/shop.larus.ch\/fr\/wp-json\/wp\/v2\/product"}],"about":[{"href":"https:\/\/shop.larus.ch\/fr\/wp-json\/wp\/v2\/types\/product"}],"wp:featuredmedia":[{"embeddable":true,"href":"https:\/\/shop.larus.ch\/fr\/wp-json\/wp\/v2\/media\/322999"}],"wp:attachment":[{"href":"https:\/\/shop.larus.ch\/fr\/wp-json\/wp\/v2\/media?parent=17477"}],"wp:term":[{"taxonomy":"product_cat","embeddable":true,"href":"https:\/\/shop.larus.ch\/fr\/wp-json\/wp\/v2\/product_cat?post=17477"},{"taxonomy":"product_tag","embeddable":true,"href":"https:\/\/shop.larus.ch\/fr\/wp-json\/wp\/v2\/product_tag?post=17477"}],"curies":[{"name":"wp","href":"https:\/\/api.w.org\/{rel}","templated":true}]}}