{"id":17474,"date":"2017-09-05T14:34:16","date_gmt":"2017-09-05T12:34:16","guid":{"rendered":"http:\/\/shop.larus.ch.rubin.metanet.ch\/product\/couverture-pour-bac-potager-en-mlze\/"},"modified":"2026-04-16T03:21:37","modified_gmt":"2026-04-16T01:21:37","slug":"couverture-pour-bac-potager-en-mlze","status":"publish","type":"product","link":"https:\/\/shop.larus.ch\/fr\/product\/couverture-pour-bac-potager-en-mlze\/","title":{"rendered":"Couverture pour bac potager en m\u00e9l\u00e8ze"},"content":{"rendered":"<p>Couverture pour bac potager en m\u00e9l\u00e8ze naturel, sans aubier<br \/>planches 10\/2.6 cm, rabot\u00e9s, chanfrein\u00e9s, avec coupe d\u00b4 onglet<\/p>\n","protected":false},"excerpt":{"rendered":"<p>Couverture pour bac potager en m\u00e9l\u00e8ze naturel, sans aubier<br \/>planches 10\/2.6 cm, rabot\u00e9s, chanfrein\u00e9s, avec coupe d\u00b4 onglet<\/p>\n","protected":false},"featured_media":325924,"template":"","meta":[],"product_cat":[],"product_tag":[],"_links":{"self":[{"href":"https:\/\/shop.larus.ch\/fr\/wp-json\/wp\/v2\/product\/17474"}],"collection":[{"href":"https:\/\/shop.larus.ch\/fr\/wp-json\/wp\/v2\/product"}],"about":[{"href":"https:\/\/shop.larus.ch\/fr\/wp-json\/wp\/v2\/types\/product"}],"wp:featuredmedia":[{"embeddable":true,"href":"https:\/\/shop.larus.ch\/fr\/wp-json\/wp\/v2\/media\/325924"}],"wp:attachment":[{"href":"https:\/\/shop.larus.ch\/fr\/wp-json\/wp\/v2\/media?parent=17474"}],"wp:term":[{"taxonomy":"product_cat","embeddable":true,"href":"https:\/\/shop.larus.ch\/fr\/wp-json\/wp\/v2\/product_cat?post=17474"},{"taxonomy":"product_tag","embeddable":true,"href":"https:\/\/shop.larus.ch\/fr\/wp-json\/wp\/v2\/product_tag?post=17474"}],"curies":[{"name":"wp","href":"https:\/\/api.w.org\/{rel}","templated":true}]}}