{"id":17468,"date":"2017-09-05T14:34:14","date_gmt":"2017-09-05T12:34:14","guid":{"rendered":"http:\/\/shop.larus.ch.rubin.metanet.ch\/product\/couverture-pour-bac-potager-en-pica\/"},"modified":"2026-04-19T03:05:21","modified_gmt":"2026-04-19T01:05:21","slug":"couverture-pour-bac-potager-en-pica","status":"publish","type":"product","link":"https:\/\/shop.larus.ch\/fr\/product\/couverture-pour-bac-potager-en-pica\/","title":{"rendered":"Couverture pour bac potager en \u00e9pic\u00e9a"},"content":{"rendered":"<p>Couverture pour bac potager en \u00e9pic\u00e9a, impr\u00e9gn\u00e9 brun<br \/>planches 10\/2.6 cm, rabot\u00e9s, chanfrein\u00e9s, avec coupe d\u00b4 onglet<\/p>\n","protected":false},"excerpt":{"rendered":"<p>Couverture pour bac potager en \u00e9pic\u00e9a, impr\u00e9gn\u00e9 brun<br \/>planches 10\/2.6 cm, rabot\u00e9s, chanfrein\u00e9s, avec coupe d\u00b4 onglet<\/p>\n","protected":false},"featured_media":324748,"template":"","meta":[],"product_cat":[],"product_tag":[],"_links":{"self":[{"href":"https:\/\/shop.larus.ch\/fr\/wp-json\/wp\/v2\/product\/17468"}],"collection":[{"href":"https:\/\/shop.larus.ch\/fr\/wp-json\/wp\/v2\/product"}],"about":[{"href":"https:\/\/shop.larus.ch\/fr\/wp-json\/wp\/v2\/types\/product"}],"wp:featuredmedia":[{"embeddable":true,"href":"https:\/\/shop.larus.ch\/fr\/wp-json\/wp\/v2\/media\/324748"}],"wp:attachment":[{"href":"https:\/\/shop.larus.ch\/fr\/wp-json\/wp\/v2\/media?parent=17468"}],"wp:term":[{"taxonomy":"product_cat","embeddable":true,"href":"https:\/\/shop.larus.ch\/fr\/wp-json\/wp\/v2\/product_cat?post=17468"},{"taxonomy":"product_tag","embeddable":true,"href":"https:\/\/shop.larus.ch\/fr\/wp-json\/wp\/v2\/product_tag?post=17468"}],"curies":[{"name":"wp","href":"https:\/\/api.w.org\/{rel}","templated":true}]}}