{"id":17448,"date":"2017-09-05T14:34:08","date_gmt":"2017-09-05T12:34:08","guid":{"rendered":"http:\/\/shop.larus.ch.rubin.metanet.ch\/product\/jardinire-hexag-brun\/"},"modified":"2026-04-16T03:21:36","modified_gmt":"2026-04-16T01:21:36","slug":"jardinire-hexag-brun-3","status":"publish","type":"product","link":"https:\/\/shop.larus.ch\/fr\/product\/jardinire-hexag-brun-3\/","title":{"rendered":"Jardini\u00e8re hexag.brun"},"content":{"rendered":"<p>Jardini\u00e8res en m\u00e9l\u00e8ze hexagonales<br \/>en bois \u00e9quarris 7.0\/7.0 cm, rev\u00eatu de feuille v\u00e9g\u00e9tale, impr\u00e9gn\u00e9 brun,<br \/>diam\u00e8tre ext\u00e9rieur<\/p>\n","protected":false},"excerpt":{"rendered":"<p>Jardini\u00e8res en m\u00e9l\u00e8ze hexagonales<br \/>en bois \u00e9quarris 7.0\/7.0 cm, rev\u00eatu de feuille v\u00e9g\u00e9tale, impr\u00e9gn\u00e9 brun,<br \/>diam\u00e8tre ext\u00e9rieur<\/p>\n","protected":false},"featured_media":325916,"template":"","meta":[],"product_cat":[59413],"product_tag":[],"_links":{"self":[{"href":"https:\/\/shop.larus.ch\/fr\/wp-json\/wp\/v2\/product\/17448"}],"collection":[{"href":"https:\/\/shop.larus.ch\/fr\/wp-json\/wp\/v2\/product"}],"about":[{"href":"https:\/\/shop.larus.ch\/fr\/wp-json\/wp\/v2\/types\/product"}],"wp:featuredmedia":[{"embeddable":true,"href":"https:\/\/shop.larus.ch\/fr\/wp-json\/wp\/v2\/media\/325916"}],"wp:attachment":[{"href":"https:\/\/shop.larus.ch\/fr\/wp-json\/wp\/v2\/media?parent=17448"}],"wp:term":[{"taxonomy":"product_cat","embeddable":true,"href":"https:\/\/shop.larus.ch\/fr\/wp-json\/wp\/v2\/product_cat?post=17448"},{"taxonomy":"product_tag","embeddable":true,"href":"https:\/\/shop.larus.ch\/fr\/wp-json\/wp\/v2\/product_tag?post=17448"}],"curies":[{"name":"wp","href":"https:\/\/api.w.org\/{rel}","templated":true}]}}