{"id":17440,"date":"2017-09-05T14:34:06","date_gmt":"2017-09-05T12:34:06","guid":{"rendered":"http:\/\/shop.larus.ch.rubin.metanet.ch\/product\/jardinire-mlze-brun\/"},"modified":"2026-04-16T03:10:18","modified_gmt":"2026-04-16T01:10:18","slug":"jardinire-mlze-brun-3","status":"publish","type":"product","link":"https:\/\/shop.larus.ch\/fr\/product\/jardinire-mlze-brun-3\/","title":{"rendered":"Jardini\u00e8re m\u00e9l\u00e8ze brun"},"content":{"rendered":"<p>Jardini\u00e8res en m\u00e9l\u00e8ze<br \/>en bois \u00e9quarri 7.0\/7.0 cm, rev\u00eatu de feuille v\u00e9g\u00e9tale, brun impr\u00e9gn\u00e9<\/p>\n","protected":false},"excerpt":{"rendered":"<p>Jardini\u00e8res en m\u00e9l\u00e8ze<br \/>en bois \u00e9quarri 7.0\/7.0 cm, rev\u00eatu de feuille v\u00e9g\u00e9tale, brun impr\u00e9gn\u00e9<\/p>\n","protected":false},"featured_media":324708,"template":"","meta":[],"product_cat":[59413],"product_tag":[],"_links":{"self":[{"href":"https:\/\/shop.larus.ch\/fr\/wp-json\/wp\/v2\/product\/17440"}],"collection":[{"href":"https:\/\/shop.larus.ch\/fr\/wp-json\/wp\/v2\/product"}],"about":[{"href":"https:\/\/shop.larus.ch\/fr\/wp-json\/wp\/v2\/types\/product"}],"wp:featuredmedia":[{"embeddable":true,"href":"https:\/\/shop.larus.ch\/fr\/wp-json\/wp\/v2\/media\/324708"}],"wp:attachment":[{"href":"https:\/\/shop.larus.ch\/fr\/wp-json\/wp\/v2\/media?parent=17440"}],"wp:term":[{"taxonomy":"product_cat","embeddable":true,"href":"https:\/\/shop.larus.ch\/fr\/wp-json\/wp\/v2\/product_cat?post=17440"},{"taxonomy":"product_tag","embeddable":true,"href":"https:\/\/shop.larus.ch\/fr\/wp-json\/wp\/v2\/product_tag?post=17440"}],"curies":[{"name":"wp","href":"https:\/\/api.w.org\/{rel}","templated":true}]}}