{"id":17437,"date":"2017-09-05T14:34:05","date_gmt":"2017-09-05T12:34:05","guid":{"rendered":"http:\/\/shop.larus.ch.rubin.metanet.ch\/product\/jardinire-hexag-naturel\/"},"modified":"2026-04-16T03:20:49","modified_gmt":"2026-04-16T01:20:49","slug":"jardinire-hexag-naturel","status":"publish","type":"product","link":"https:\/\/shop.larus.ch\/fr\/product\/jardinire-hexag-naturel\/","title":{"rendered":"Jardini\u00e8re hexag. naturel"},"content":{"rendered":"<p>Jardini\u00e8res en m\u00e9l\u00e8ze hexagonales<br \/>en bois \u00e9quarris 7.0\/7.0 cm, rev\u00eatu de feuille v\u00e9g\u00e9tale, naturel,<br \/>diam\u00e8tre ext\u00e9rieur<\/p>\n","protected":false},"excerpt":{"rendered":"<p>Jardini\u00e8res en m\u00e9l\u00e8ze hexagonales<br \/>en bois \u00e9quarris 7.0\/7.0 cm, rev\u00eatu de feuille v\u00e9g\u00e9tale, naturel,<br \/>diam\u00e8tre ext\u00e9rieur<\/p>\n","protected":false},"featured_media":325746,"template":"","meta":[],"product_cat":[59411],"product_tag":[],"_links":{"self":[{"href":"https:\/\/shop.larus.ch\/fr\/wp-json\/wp\/v2\/product\/17437"}],"collection":[{"href":"https:\/\/shop.larus.ch\/fr\/wp-json\/wp\/v2\/product"}],"about":[{"href":"https:\/\/shop.larus.ch\/fr\/wp-json\/wp\/v2\/types\/product"}],"wp:featuredmedia":[{"embeddable":true,"href":"https:\/\/shop.larus.ch\/fr\/wp-json\/wp\/v2\/media\/325746"}],"wp:attachment":[{"href":"https:\/\/shop.larus.ch\/fr\/wp-json\/wp\/v2\/media?parent=17437"}],"wp:term":[{"taxonomy":"product_cat","embeddable":true,"href":"https:\/\/shop.larus.ch\/fr\/wp-json\/wp\/v2\/product_cat?post=17437"},{"taxonomy":"product_tag","embeddable":true,"href":"https:\/\/shop.larus.ch\/fr\/wp-json\/wp\/v2\/product_tag?post=17437"}],"curies":[{"name":"wp","href":"https:\/\/api.w.org\/{rel}","templated":true}]}}