{"id":17430,"date":"2017-09-05T14:34:03","date_gmt":"2017-09-05T12:34:03","guid":{"rendered":"http:\/\/shop.larus.ch.rubin.metanet.ch\/product\/jardinire-mlze-naturel\/"},"modified":"2026-04-19T03:01:07","modified_gmt":"2026-04-19T01:01:07","slug":"jardinire-mlze-naturel-4","status":"publish","type":"product","link":"https:\/\/shop.larus.ch\/fr\/product\/jardinire-mlze-naturel-4\/","title":{"rendered":"Jardini\u00e8re m\u00e9l\u00e8ze naturel"},"content":{"rendered":"<p>Jardini\u00e8res en m\u00e9l\u00e8ze<br \/>en bois \u00e9quarri 7.0\/7.0 cm, rev\u00eatu de feuille v\u00e9g\u00e9tale, naturel<\/p>\n","protected":false},"excerpt":{"rendered":"<p>Jardini\u00e8res en m\u00e9l\u00e8ze<br \/>en bois \u00e9quarri 7.0\/7.0 cm, rev\u00eatu de feuille v\u00e9g\u00e9tale, naturel<\/p>\n","protected":false},"featured_media":324416,"template":"","meta":[],"product_cat":[59411],"product_tag":[],"_links":{"self":[{"href":"https:\/\/shop.larus.ch\/fr\/wp-json\/wp\/v2\/product\/17430"}],"collection":[{"href":"https:\/\/shop.larus.ch\/fr\/wp-json\/wp\/v2\/product"}],"about":[{"href":"https:\/\/shop.larus.ch\/fr\/wp-json\/wp\/v2\/types\/product"}],"wp:featuredmedia":[{"embeddable":true,"href":"https:\/\/shop.larus.ch\/fr\/wp-json\/wp\/v2\/media\/324416"}],"wp:attachment":[{"href":"https:\/\/shop.larus.ch\/fr\/wp-json\/wp\/v2\/media?parent=17430"}],"wp:term":[{"taxonomy":"product_cat","embeddable":true,"href":"https:\/\/shop.larus.ch\/fr\/wp-json\/wp\/v2\/product_cat?post=17430"},{"taxonomy":"product_tag","embeddable":true,"href":"https:\/\/shop.larus.ch\/fr\/wp-json\/wp\/v2\/product_tag?post=17430"}],"curies":[{"name":"wp","href":"https:\/\/api.w.org\/{rel}","templated":true}]}}