{"id":17427,"date":"2017-09-05T14:34:02","date_gmt":"2017-09-05T12:34:02","guid":{"rendered":"http:\/\/shop.larus.ch.rubin.metanet.ch\/product\/joint-de-cardan-balanoire-nid\/"},"modified":"2026-04-16T03:15:19","modified_gmt":"2026-04-16T01:15:19","slug":"joint-de-cardan-balanoire-nid","status":"publish","type":"product","link":"https:\/\/shop.larus.ch\/fr\/product\/joint-de-cardan-balanoire-nid\/","title":{"rendered":"Joint de cardan \u00e0 balan\u00e7oire nid"},"content":{"rendered":"<p>Joint de cardan \u00e0 balan\u00e7oire nid<br \/>acier inoxydable avec roulements en nylon, pour bois rond ou carr\u00e9<br \/>tige filet\u00e9e M16x220mm incl. cha\u00eene de s\u00e9curit\u00e9 et vis M12<\/p>\n","protected":false},"excerpt":{"rendered":"<p>Joint de cardan \u00e0 balan\u00e7oire nid<br \/>acier inoxydable avec roulements en nylon, pour bois rond ou carr\u00e9<br \/>tige filet\u00e9e M16x220mm incl. cha\u00eene de s\u00e9curit\u00e9 et vis M12<\/p>\n","protected":false},"featured_media":325166,"template":"","meta":[],"product_cat":[59407],"product_tag":[],"_links":{"self":[{"href":"https:\/\/shop.larus.ch\/fr\/wp-json\/wp\/v2\/product\/17427"}],"collection":[{"href":"https:\/\/shop.larus.ch\/fr\/wp-json\/wp\/v2\/product"}],"about":[{"href":"https:\/\/shop.larus.ch\/fr\/wp-json\/wp\/v2\/types\/product"}],"wp:featuredmedia":[{"embeddable":true,"href":"https:\/\/shop.larus.ch\/fr\/wp-json\/wp\/v2\/media\/325166"}],"wp:attachment":[{"href":"https:\/\/shop.larus.ch\/fr\/wp-json\/wp\/v2\/media?parent=17427"}],"wp:term":[{"taxonomy":"product_cat","embeddable":true,"href":"https:\/\/shop.larus.ch\/fr\/wp-json\/wp\/v2\/product_cat?post=17427"},{"taxonomy":"product_tag","embeddable":true,"href":"https:\/\/shop.larus.ch\/fr\/wp-json\/wp\/v2\/product_tag?post=17427"}],"curies":[{"name":"wp","href":"https:\/\/api.w.org\/{rel}","templated":true}]}}