{"id":17426,"date":"2017-09-05T14:34:02","date_gmt":"2017-09-05T12:34:02","guid":{"rendered":"http:\/\/shop.larus.ch.rubin.metanet.ch\/product\/crochet-pour-balanoires-doubles\/"},"modified":"2026-04-16T03:20:18","modified_gmt":"2026-04-16T01:20:18","slug":"crochet-pour-balanoires-doubles","status":"publish","type":"product","link":"https:\/\/shop.larus.ch\/fr\/product\/crochet-pour-balanoires-doubles\/","title":{"rendered":"Crochet pour balan\u00e7oires doubles"},"content":{"rendered":"<p>Crochet pour balan\u00e7oires doubles<br \/>acier galvanis\u00e9 avec bague en nylon, pour bois ronds \u00d89-12cm et bois carr\u00e9s 9x9cm, vis M12x170mm<\/p>\n","protected":false},"excerpt":{"rendered":"<p>Crochet pour balan\u00e7oires doubles<br \/>acier galvanis\u00e9 avec bague en nylon, pour bois ronds \u00d89-12cm et bois carr\u00e9s 9x9cm, vis M12x170mm<\/p>\n","protected":false},"featured_media":325616,"template":"","meta":[],"product_cat":[59407],"product_tag":[],"_links":{"self":[{"href":"https:\/\/shop.larus.ch\/fr\/wp-json\/wp\/v2\/product\/17426"}],"collection":[{"href":"https:\/\/shop.larus.ch\/fr\/wp-json\/wp\/v2\/product"}],"about":[{"href":"https:\/\/shop.larus.ch\/fr\/wp-json\/wp\/v2\/types\/product"}],"wp:featuredmedia":[{"embeddable":true,"href":"https:\/\/shop.larus.ch\/fr\/wp-json\/wp\/v2\/media\/325616"}],"wp:attachment":[{"href":"https:\/\/shop.larus.ch\/fr\/wp-json\/wp\/v2\/media?parent=17426"}],"wp:term":[{"taxonomy":"product_cat","embeddable":true,"href":"https:\/\/shop.larus.ch\/fr\/wp-json\/wp\/v2\/product_cat?post=17426"},{"taxonomy":"product_tag","embeddable":true,"href":"https:\/\/shop.larus.ch\/fr\/wp-json\/wp\/v2\/product_tag?post=17426"}],"curies":[{"name":"wp","href":"https:\/\/api.w.org\/{rel}","templated":true}]}}