{"id":17423,"date":"2017-09-05T14:34:01","date_gmt":"2017-09-05T12:34:01","guid":{"rendered":"http:\/\/shop.larus.ch.rubin.metanet.ch\/product\/pied-de-montant-pour-bois-ronds\/"},"modified":"2026-04-16T03:15:32","modified_gmt":"2026-04-16T01:15:32","slug":"pied-de-montant-pour-bois-ronds","status":"publish","type":"product","link":"https:\/\/shop.larus.ch\/fr\/product\/pied-de-montant-pour-bois-ronds\/","title":{"rendered":"Pied de montant pour bois ronds"},"content":{"rendered":"<p>Pied de montant (pair) pour bois ronds \u00d812\/14cm<br \/>en acier plat 60\/6mm, galvanis\u00e9 \u00e0 chaud, bomb\u00e9 en haut, deux per\u00e7ages inclus \u00d8 10 mm<\/p>\n","protected":false},"excerpt":{"rendered":"<p>Pied de montant (pair) pour bois ronds \u00d812\/14cm<br \/>en acier plat 60\/6mm, galvanis\u00e9 \u00e0 chaud, bomb\u00e9 en haut, deux per\u00e7ages inclus \u00d8 10 mm<\/p>\n","protected":false},"featured_media":325222,"template":"","meta":[],"product_cat":[59407],"product_tag":[],"_links":{"self":[{"href":"https:\/\/shop.larus.ch\/fr\/wp-json\/wp\/v2\/product\/17423"}],"collection":[{"href":"https:\/\/shop.larus.ch\/fr\/wp-json\/wp\/v2\/product"}],"about":[{"href":"https:\/\/shop.larus.ch\/fr\/wp-json\/wp\/v2\/types\/product"}],"wp:featuredmedia":[{"embeddable":true,"href":"https:\/\/shop.larus.ch\/fr\/wp-json\/wp\/v2\/media\/325222"}],"wp:attachment":[{"href":"https:\/\/shop.larus.ch\/fr\/wp-json\/wp\/v2\/media?parent=17423"}],"wp:term":[{"taxonomy":"product_cat","embeddable":true,"href":"https:\/\/shop.larus.ch\/fr\/wp-json\/wp\/v2\/product_cat?post=17423"},{"taxonomy":"product_tag","embeddable":true,"href":"https:\/\/shop.larus.ch\/fr\/wp-json\/wp\/v2\/product_tag?post=17423"}],"curies":[{"name":"wp","href":"https:\/\/api.w.org\/{rel}","templated":true}]}}