{"id":17414,"date":"2017-09-05T14:33:58","date_gmt":"2017-09-05T12:33:58","guid":{"rendered":"http:\/\/shop.larus.ch.rubin.metanet.ch\/product\/balanoire-nid-birdy-3\/"},"modified":"2026-04-19T03:06:35","modified_gmt":"2026-04-19T01:06:35","slug":"balanoire-nid-birdy-3","status":"publish","type":"product","link":"https:\/\/shop.larus.ch\/fr\/product\/balanoire-nid-birdy-3\/","title":{"rendered":"Balan\u00e7oire nid Birdy 3"},"content":{"rendered":"<p>Balan\u00e7oire nid Birdy 3<br \/>filet et suspension avec c\u00e2bles renforc\u00e9 \u00d81.6cm, cha\u00eene r\u00e9glable \u00d80.7xlo50cm <br \/>hauteur de balan\u00e7oire max. 250 cm<\/p>\n","protected":false},"excerpt":{"rendered":"<p>Balan\u00e7oire nid Birdy 3<br \/>filet et suspension avec c\u00e2bles renforc\u00e9 \u00d81.6cm, cha\u00eene r\u00e9glable \u00d80.7xlo50cm <br \/>hauteur de balan\u00e7oire max. 250 cm<\/p>\n","protected":false},"featured_media":325046,"template":"","meta":[],"product_cat":[59403],"product_tag":[],"_links":{"self":[{"href":"https:\/\/shop.larus.ch\/fr\/wp-json\/wp\/v2\/product\/17414"}],"collection":[{"href":"https:\/\/shop.larus.ch\/fr\/wp-json\/wp\/v2\/product"}],"about":[{"href":"https:\/\/shop.larus.ch\/fr\/wp-json\/wp\/v2\/types\/product"}],"wp:featuredmedia":[{"embeddable":true,"href":"https:\/\/shop.larus.ch\/fr\/wp-json\/wp\/v2\/media\/325046"}],"wp:attachment":[{"href":"https:\/\/shop.larus.ch\/fr\/wp-json\/wp\/v2\/media?parent=17414"}],"wp:term":[{"taxonomy":"product_cat","embeddable":true,"href":"https:\/\/shop.larus.ch\/fr\/wp-json\/wp\/v2\/product_cat?post=17414"},{"taxonomy":"product_tag","embeddable":true,"href":"https:\/\/shop.larus.ch\/fr\/wp-json\/wp\/v2\/product_tag?post=17414"}],"curies":[{"name":"wp","href":"https:\/\/api.w.org\/{rel}","templated":true}]}}