{"id":17406,"date":"2017-09-05T14:33:56","date_gmt":"2017-09-05T12:33:56","guid":{"rendered":"http:\/\/shop.larus.ch.rubin.metanet.ch\/product\/balanoire-ancre\/"},"modified":"2026-04-19T03:00:13","modified_gmt":"2026-04-19T01:00:13","slug":"balanoire-ancre","status":"publish","type":"product","link":"https:\/\/shop.larus.ch\/fr\/product\/balanoire-ancre\/","title":{"rendered":"Balan\u00e7oire ancre"},"content":{"rendered":"<p>Balan\u00e7oire ancre<br \/>pour support de balan\u00e7oire H 210-255 cm,  mati\u00e8re synth\u00e9tique rouge, cordages en plastique \u00d8 12 mm, r\u00e9glable<\/p>\n","protected":false},"excerpt":{"rendered":"<p>Balan\u00e7oire ancre<br \/>pour support de balan\u00e7oire H 210-255 cm,  mati\u00e8re synth\u00e9tique rouge, cordages en plastique \u00d8 12 mm, r\u00e9glable<\/p>\n","protected":false},"featured_media":323941,"template":"","meta":[],"product_cat":[59403],"product_tag":[],"_links":{"self":[{"href":"https:\/\/shop.larus.ch\/fr\/wp-json\/wp\/v2\/product\/17406"}],"collection":[{"href":"https:\/\/shop.larus.ch\/fr\/wp-json\/wp\/v2\/product"}],"about":[{"href":"https:\/\/shop.larus.ch\/fr\/wp-json\/wp\/v2\/types\/product"}],"wp:featuredmedia":[{"embeddable":true,"href":"https:\/\/shop.larus.ch\/fr\/wp-json\/wp\/v2\/media\/323941"}],"wp:attachment":[{"href":"https:\/\/shop.larus.ch\/fr\/wp-json\/wp\/v2\/media?parent=17406"}],"wp:term":[{"taxonomy":"product_cat","embeddable":true,"href":"https:\/\/shop.larus.ch\/fr\/wp-json\/wp\/v2\/product_cat?post=17406"},{"taxonomy":"product_tag","embeddable":true,"href":"https:\/\/shop.larus.ch\/fr\/wp-json\/wp\/v2\/product_tag?post=17406"}],"curies":[{"name":"wp","href":"https:\/\/api.w.org\/{rel}","templated":true}]}}