{"id":17405,"date":"2017-09-05T14:33:56","date_gmt":"2017-09-05T12:33:56","guid":{"rendered":"http:\/\/shop.larus.ch.rubin.metanet.ch\/product\/pierres-grimper\/"},"modified":"2026-04-19T03:15:35","modified_gmt":"2026-04-19T01:15:35","slug":"pierres-grimper","status":"publish","type":"product","link":"https:\/\/shop.larus.ch\/fr\/product\/pierres-grimper\/","title":{"rendered":"Pierres \u00e0 grimper"},"content":{"rendered":"<p>Pierres \u00e0 grimper<br \/>cinq pierres en formes diff\u00e9rentes, mati\u00e8re plastique renforc\u00e9 avec rondelle m\u00e9tallique, vis incl. pour planches 22 mm, viss\u00e9 \u00e0 deux points, couleur m\u00e9lang\u00e9e<\/p>\n","protected":false},"excerpt":{"rendered":"<p>Pierres \u00e0 grimper<br \/>cinq pierres en formes diff\u00e9rentes, mati\u00e8re plastique renforc\u00e9 avec rondelle m\u00e9tallique, vis incl. pour planches 22 mm, viss\u00e9 \u00e0 deux points, couleur m\u00e9lang\u00e9e<\/p>\n","protected":false},"featured_media":323683,"template":"","meta":[],"product_cat":[59403],"product_tag":[],"_links":{"self":[{"href":"https:\/\/shop.larus.ch\/fr\/wp-json\/wp\/v2\/product\/17405"}],"collection":[{"href":"https:\/\/shop.larus.ch\/fr\/wp-json\/wp\/v2\/product"}],"about":[{"href":"https:\/\/shop.larus.ch\/fr\/wp-json\/wp\/v2\/types\/product"}],"wp:featuredmedia":[{"embeddable":true,"href":"https:\/\/shop.larus.ch\/fr\/wp-json\/wp\/v2\/media\/323683"}],"wp:attachment":[{"href":"https:\/\/shop.larus.ch\/fr\/wp-json\/wp\/v2\/media?parent=17405"}],"wp:term":[{"taxonomy":"product_cat","embeddable":true,"href":"https:\/\/shop.larus.ch\/fr\/wp-json\/wp\/v2\/product_cat?post=17405"},{"taxonomy":"product_tag","embeddable":true,"href":"https:\/\/shop.larus.ch\/fr\/wp-json\/wp\/v2\/product_tag?post=17405"}],"curies":[{"name":"wp","href":"https:\/\/api.w.org\/{rel}","templated":true}]}}