{"id":17400,"date":"2017-09-05T14:33:54","date_gmt":"2017-09-05T12:33:54","guid":{"rendered":"http:\/\/shop.larus.ch.rubin.metanet.ch\/product\/sige-de-balanoire-en-caoutchouc\/"},"modified":"2026-04-16T03:21:03","modified_gmt":"2026-04-16T01:21:03","slug":"sige-de-balanoire-en-caoutchouc-2","status":"publish","type":"product","link":"https:\/\/shop.larus.ch\/fr\/product\/sige-de-balanoire-en-caoutchouc-2\/","title":{"rendered":"Si\u00e8ge de balan\u00e7oire en caoutchouc"},"content":{"rendered":"<p>Si\u00e8ge de balan\u00e7oire en caoutchouc<br \/>avec collier \u00e0 balan\u00e7oire galvanis\u00e9, 2.5m<\/p>\n","protected":false},"excerpt":{"rendered":"<p>Si\u00e8ge de balan\u00e7oire en caoutchouc<br \/>avec collier \u00e0 balan\u00e7oire galvanis\u00e9, 2.5m<\/p>\n","protected":false},"featured_media":325792,"template":"","meta":[],"product_cat":[59403],"product_tag":[],"_links":{"self":[{"href":"https:\/\/shop.larus.ch\/fr\/wp-json\/wp\/v2\/product\/17400"}],"collection":[{"href":"https:\/\/shop.larus.ch\/fr\/wp-json\/wp\/v2\/product"}],"about":[{"href":"https:\/\/shop.larus.ch\/fr\/wp-json\/wp\/v2\/types\/product"}],"wp:featuredmedia":[{"embeddable":true,"href":"https:\/\/shop.larus.ch\/fr\/wp-json\/wp\/v2\/media\/325792"}],"wp:attachment":[{"href":"https:\/\/shop.larus.ch\/fr\/wp-json\/wp\/v2\/media?parent=17400"}],"wp:term":[{"taxonomy":"product_cat","embeddable":true,"href":"https:\/\/shop.larus.ch\/fr\/wp-json\/wp\/v2\/product_cat?post=17400"},{"taxonomy":"product_tag","embeddable":true,"href":"https:\/\/shop.larus.ch\/fr\/wp-json\/wp\/v2\/product_tag?post=17400"}],"curies":[{"name":"wp","href":"https:\/\/api.w.org\/{rel}","templated":true}]}}