{"id":17399,"date":"2017-09-05T14:33:54","date_gmt":"2017-09-05T12:33:54","guid":{"rendered":"http:\/\/shop.larus.ch.rubin.metanet.ch\/product\/balanoire-disque\/"},"modified":"2026-04-16T03:11:24","modified_gmt":"2026-04-16T01:11:24","slug":"balanoire-disque","status":"publish","type":"product","link":"https:\/\/shop.larus.ch\/fr\/product\/balanoire-disque\/","title":{"rendered":"Balan\u00e7oire disque"},"content":{"rendered":"<p>Balan\u00e7oire disque en plastique<br \/>c\u00e2ble en mati\u00e8re plastique \u00d8 12 mm, en mati\u00e8re plastique souffl\u00e9 \u00d8 28 cm, couleur vert<\/p>\n","protected":false},"excerpt":{"rendered":"<p>Balan\u00e7oire disque en plastique<br \/>c\u00e2ble en mati\u00e8re plastique \u00d8 12 mm, en mati\u00e8re plastique souffl\u00e9 \u00d8 28 cm, couleur vert<\/p>\n","protected":false},"featured_media":323053,"template":"","meta":[],"product_cat":[59403],"product_tag":[],"_links":{"self":[{"href":"https:\/\/shop.larus.ch\/fr\/wp-json\/wp\/v2\/product\/17399"}],"collection":[{"href":"https:\/\/shop.larus.ch\/fr\/wp-json\/wp\/v2\/product"}],"about":[{"href":"https:\/\/shop.larus.ch\/fr\/wp-json\/wp\/v2\/types\/product"}],"wp:featuredmedia":[{"embeddable":true,"href":"https:\/\/shop.larus.ch\/fr\/wp-json\/wp\/v2\/media\/323053"}],"wp:attachment":[{"href":"https:\/\/shop.larus.ch\/fr\/wp-json\/wp\/v2\/media?parent=17399"}],"wp:term":[{"taxonomy":"product_cat","embeddable":true,"href":"https:\/\/shop.larus.ch\/fr\/wp-json\/wp\/v2\/product_cat?post=17399"},{"taxonomy":"product_tag","embeddable":true,"href":"https:\/\/shop.larus.ch\/fr\/wp-json\/wp\/v2\/product_tag?post=17399"}],"curies":[{"name":"wp","href":"https:\/\/api.w.org\/{rel}","templated":true}]}}