{"id":17397,"date":"2017-09-05T14:33:54","date_gmt":"2017-09-05T12:33:54","guid":{"rendered":"http:\/\/shop.larus.ch.rubin.metanet.ch\/product\/siges-de-scurit\/"},"modified":"2026-04-16T03:10:35","modified_gmt":"2026-04-16T01:10:35","slug":"siges-de-scurit","status":"publish","type":"product","link":"https:\/\/shop.larus.ch\/fr\/product\/siges-de-scurit\/","title":{"rendered":"Si\u00e8ges de s\u00e9curit\u00e9"},"content":{"rendered":"<p>Si\u00e8ges de balan\u00e7oire de s\u00e9curit\u00e9 pour petits enfants<br \/>avec cordages r\u00e9glable et \u00e9trier de s\u00e9curit\u00e9 en mati\u00e8re plastique<\/p>\n","protected":false},"excerpt":{"rendered":"<p>Si\u00e8ges de balan\u00e7oire de s\u00e9curit\u00e9 pour petits enfants<br \/>avec cordages r\u00e9glable et \u00e9trier de s\u00e9curit\u00e9 en mati\u00e8re plastique<\/p>\n","protected":false},"featured_media":326632,"template":"","meta":[],"product_cat":[59403],"product_tag":[],"_links":{"self":[{"href":"https:\/\/shop.larus.ch\/fr\/wp-json\/wp\/v2\/product\/17397"}],"collection":[{"href":"https:\/\/shop.larus.ch\/fr\/wp-json\/wp\/v2\/product"}],"about":[{"href":"https:\/\/shop.larus.ch\/fr\/wp-json\/wp\/v2\/types\/product"}],"wp:featuredmedia":[{"embeddable":true,"href":"https:\/\/shop.larus.ch\/fr\/wp-json\/wp\/v2\/media\/326632"}],"wp:attachment":[{"href":"https:\/\/shop.larus.ch\/fr\/wp-json\/wp\/v2\/media?parent=17397"}],"wp:term":[{"taxonomy":"product_cat","embeddable":true,"href":"https:\/\/shop.larus.ch\/fr\/wp-json\/wp\/v2\/product_cat?post=17397"},{"taxonomy":"product_tag","embeddable":true,"href":"https:\/\/shop.larus.ch\/fr\/wp-json\/wp\/v2\/product_tag?post=17397"}],"curies":[{"name":"wp","href":"https:\/\/api.w.org\/{rel}","templated":true}]}}