{"id":17396,"date":"2017-09-05T14:33:53","date_gmt":"2017-09-05T12:33:53","guid":{"rendered":"http:\/\/shop.larus.ch.rubin.metanet.ch\/product\/sige-bb-jan\/"},"modified":"2026-04-16T03:06:32","modified_gmt":"2026-04-16T01:06:32","slug":"sige-bb-jan","status":"publish","type":"product","link":"https:\/\/shop.larus.ch\/fr\/product\/sige-bb-jan\/","title":{"rendered":"Si\u00e8ge b\u00e9b\u00e9 Jan"},"content":{"rendered":"<p>Si\u00e8ge de balan\u00e7oire b\u00e9b\u00e9 Jan <br \/>en plastique, pour support de balan\u00e7oire H 210-255 cm, cordages en plastique \u00d8 10 mm r\u00e9glable<\/p>\n","protected":false},"excerpt":{"rendered":"<p>Si\u00e8ge de balan\u00e7oire b\u00e9b\u00e9 Jan <br \/>en plastique, pour support de balan\u00e7oire H 210-255 cm, cordages en plastique \u00d8 10 mm r\u00e9glable<\/p>\n","protected":false},"featured_media":326580,"template":"","meta":[],"product_cat":[59403],"product_tag":[],"_links":{"self":[{"href":"https:\/\/shop.larus.ch\/fr\/wp-json\/wp\/v2\/product\/17396"}],"collection":[{"href":"https:\/\/shop.larus.ch\/fr\/wp-json\/wp\/v2\/product"}],"about":[{"href":"https:\/\/shop.larus.ch\/fr\/wp-json\/wp\/v2\/types\/product"}],"wp:featuredmedia":[{"embeddable":true,"href":"https:\/\/shop.larus.ch\/fr\/wp-json\/wp\/v2\/media\/326580"}],"wp:attachment":[{"href":"https:\/\/shop.larus.ch\/fr\/wp-json\/wp\/v2\/media?parent=17396"}],"wp:term":[{"taxonomy":"product_cat","embeddable":true,"href":"https:\/\/shop.larus.ch\/fr\/wp-json\/wp\/v2\/product_cat?post=17396"},{"taxonomy":"product_tag","embeddable":true,"href":"https:\/\/shop.larus.ch\/fr\/wp-json\/wp\/v2\/product_tag?post=17396"}],"curies":[{"name":"wp","href":"https:\/\/api.w.org\/{rel}","templated":true}]}}