{"id":17395,"date":"2017-09-05T14:33:53","date_gmt":"2017-09-05T12:33:53","guid":{"rendered":"http:\/\/shop.larus.ch.rubin.metanet.ch\/product\/sige-en-bois\/"},"modified":"2026-04-16T03:06:34","modified_gmt":"2026-04-16T01:06:34","slug":"sige-en-bois","status":"publish","type":"product","link":"https:\/\/shop.larus.ch\/fr\/product\/sige-en-bois\/","title":{"rendered":"Si\u00e8ge en bois"},"content":{"rendered":"<p>Si\u00e8ge en bois<br \/>pour support de balan\u00e7oire H 195-255 cm, cordages en plastique \u00d8 10 mm r\u00e9glable, impr\u00e9gn\u00e9 verd\u00e2tre<\/p>\n","protected":false},"excerpt":{"rendered":"<p>Si\u00e8ge en bois<br \/>pour support de balan\u00e7oire H 195-255 cm, cordages en plastique \u00d8 10 mm r\u00e9glable, impr\u00e9gn\u00e9 verd\u00e2tre<\/p>\n","protected":false},"featured_media":324131,"template":"","meta":[],"product_cat":[59403],"product_tag":[],"_links":{"self":[{"href":"https:\/\/shop.larus.ch\/fr\/wp-json\/wp\/v2\/product\/17395"}],"collection":[{"href":"https:\/\/shop.larus.ch\/fr\/wp-json\/wp\/v2\/product"}],"about":[{"href":"https:\/\/shop.larus.ch\/fr\/wp-json\/wp\/v2\/types\/product"}],"wp:featuredmedia":[{"embeddable":true,"href":"https:\/\/shop.larus.ch\/fr\/wp-json\/wp\/v2\/media\/324131"}],"wp:attachment":[{"href":"https:\/\/shop.larus.ch\/fr\/wp-json\/wp\/v2\/media?parent=17395"}],"wp:term":[{"taxonomy":"product_cat","embeddable":true,"href":"https:\/\/shop.larus.ch\/fr\/wp-json\/wp\/v2\/product_cat?post=17395"},{"taxonomy":"product_tag","embeddable":true,"href":"https:\/\/shop.larus.ch\/fr\/wp-json\/wp\/v2\/product_tag?post=17395"}],"curies":[{"name":"wp","href":"https:\/\/api.w.org\/{rel}","templated":true}]}}