{"id":17394,"date":"2017-09-05T14:33:53","date_gmt":"2017-09-05T12:33:53","guid":{"rendered":"http:\/\/shop.larus.ch.rubin.metanet.ch\/product\/sige-de-balanoire-pvc\/"},"modified":"2026-04-16T03:16:45","modified_gmt":"2026-04-16T01:16:45","slug":"sige-de-balanoire-pvc","status":"publish","type":"product","link":"https:\/\/shop.larus.ch\/fr\/product\/sige-de-balanoire-pvc\/","title":{"rendered":"Si\u00e8ge de balan\u00e7oire plastique"},"content":{"rendered":"<p>Si\u00e8ge de balan\u00e7oire en mati\u00e8re plastique<br \/>rouge, pour support de balan\u00e7oire H 195-255 cm, cordages en plastique \u00d8 10 mm r\u00e9glable<\/p>\n","protected":false},"excerpt":{"rendered":"<p>Si\u00e8ge de balan\u00e7oire en mati\u00e8re plastique<br \/>rouge, pour support de balan\u00e7oire H 195-255 cm, cordages en plastique \u00d8 10 mm r\u00e9glable<\/p>\n","protected":false},"featured_media":326758,"template":"","meta":[],"product_cat":[59403],"product_tag":[],"_links":{"self":[{"href":"https:\/\/shop.larus.ch\/fr\/wp-json\/wp\/v2\/product\/17394"}],"collection":[{"href":"https:\/\/shop.larus.ch\/fr\/wp-json\/wp\/v2\/product"}],"about":[{"href":"https:\/\/shop.larus.ch\/fr\/wp-json\/wp\/v2\/types\/product"}],"wp:featuredmedia":[{"embeddable":true,"href":"https:\/\/shop.larus.ch\/fr\/wp-json\/wp\/v2\/media\/326758"}],"wp:attachment":[{"href":"https:\/\/shop.larus.ch\/fr\/wp-json\/wp\/v2\/media?parent=17394"}],"wp:term":[{"taxonomy":"product_cat","embeddable":true,"href":"https:\/\/shop.larus.ch\/fr\/wp-json\/wp\/v2\/product_cat?post=17394"},{"taxonomy":"product_tag","embeddable":true,"href":"https:\/\/shop.larus.ch\/fr\/wp-json\/wp\/v2\/product_tag?post=17394"}],"curies":[{"name":"wp","href":"https:\/\/api.w.org\/{rel}","templated":true}]}}