{"id":17393,"date":"2017-09-05T14:33:52","date_gmt":"2017-09-05T12:33:52","guid":{"rendered":"http:\/\/shop.larus.ch.rubin.metanet.ch\/product\/couverture-pour-bac-sable\/"},"modified":"2026-04-19T03:01:38","modified_gmt":"2026-04-19T01:01:38","slug":"couverture-pour-bac-sable","status":"publish","type":"product","link":"https:\/\/shop.larus.ch\/fr\/product\/couverture-pour-bac-sable\/","title":{"rendered":"Couverture pour bac \u00e0 sable"},"content":{"rendered":"<p>Couverture pour bac \u00e0 sable en mati\u00e8re synth\u00e9tique bleu, avec cordon \u00e9lastique<\/p>\n","protected":false},"excerpt":{"rendered":"<p>Couverture pour bac \u00e0 sable en mati\u00e8re synth\u00e9tique bleu, avec cordon \u00e9lastique<\/p>\n","protected":false},"featured_media":322828,"template":"","meta":[],"product_cat":[59399],"product_tag":[],"_links":{"self":[{"href":"https:\/\/shop.larus.ch\/fr\/wp-json\/wp\/v2\/product\/17393"}],"collection":[{"href":"https:\/\/shop.larus.ch\/fr\/wp-json\/wp\/v2\/product"}],"about":[{"href":"https:\/\/shop.larus.ch\/fr\/wp-json\/wp\/v2\/types\/product"}],"wp:featuredmedia":[{"embeddable":true,"href":"https:\/\/shop.larus.ch\/fr\/wp-json\/wp\/v2\/media\/322828"}],"wp:attachment":[{"href":"https:\/\/shop.larus.ch\/fr\/wp-json\/wp\/v2\/media?parent=17393"}],"wp:term":[{"taxonomy":"product_cat","embeddable":true,"href":"https:\/\/shop.larus.ch\/fr\/wp-json\/wp\/v2\/product_cat?post=17393"},{"taxonomy":"product_tag","embeddable":true,"href":"https:\/\/shop.larus.ch\/fr\/wp-json\/wp\/v2\/product_tag?post=17393"}],"curies":[{"name":"wp","href":"https:\/\/api.w.org\/{rel}","templated":true}]}}