{"id":17387,"date":"2017-09-05T14:33:51","date_gmt":"2017-09-05T12:33:51","guid":{"rendered":"http:\/\/shop.larus.ch.rubin.metanet.ch\/product\/bac-sable-lana\/"},"modified":"2026-04-16T03:15:51","modified_gmt":"2026-04-16T01:15:51","slug":"bac-sable-lana","status":"publish","type":"product","link":"https:\/\/shop.larus.ch\/fr\/product\/bac-sable-lana\/","title":{"rendered":"Bac \u00e0 sable Lana"},"content":{"rendered":"<p>Bac \u00e0 sable Lana<br \/>avec 2 planches pour s\u00b4 assoir<br \/>m\u00e9l\u00e8ze naturel, sans aubier, rabot\u00e9s, bois carr\u00e9s 7x7cm, planches 2.6cm, spax inoxydable <br \/>kit, livr\u00e9 en vrac<\/p>\n","protected":false},"excerpt":{"rendered":"<p>Bac \u00e0 sable Lana<br \/>avec 2 planches pour s\u00b4 assoir<br \/>m\u00e9l\u00e8ze naturel, sans aubier, rabot\u00e9s, bois carr\u00e9s 7x7cm, planches 2.6cm, spax inoxydable <br \/>kit, livr\u00e9 en vrac<\/p>\n","protected":false},"featured_media":323341,"template":"","meta":[],"product_cat":[59399],"product_tag":[],"_links":{"self":[{"href":"https:\/\/shop.larus.ch\/fr\/wp-json\/wp\/v2\/product\/17387"}],"collection":[{"href":"https:\/\/shop.larus.ch\/fr\/wp-json\/wp\/v2\/product"}],"about":[{"href":"https:\/\/shop.larus.ch\/fr\/wp-json\/wp\/v2\/types\/product"}],"wp:featuredmedia":[{"embeddable":true,"href":"https:\/\/shop.larus.ch\/fr\/wp-json\/wp\/v2\/media\/323341"}],"wp:attachment":[{"href":"https:\/\/shop.larus.ch\/fr\/wp-json\/wp\/v2\/media?parent=17387"}],"wp:term":[{"taxonomy":"product_cat","embeddable":true,"href":"https:\/\/shop.larus.ch\/fr\/wp-json\/wp\/v2\/product_cat?post=17387"},{"taxonomy":"product_tag","embeddable":true,"href":"https:\/\/shop.larus.ch\/fr\/wp-json\/wp\/v2\/product_tag?post=17387"}],"curies":[{"name":"wp","href":"https:\/\/api.w.org\/{rel}","templated":true}]}}