{"id":17384,"date":"2017-09-05T14:33:50","date_gmt":"2017-09-05T12:33:50","guid":{"rendered":"http:\/\/shop.larus.ch.rubin.metanet.ch\/product\/bac-sable-6-cots\/"},"modified":"2026-04-16T03:20:25","modified_gmt":"2026-04-16T01:20:25","slug":"bac-sable-6-cots-2","status":"publish","type":"product","link":"https:\/\/shop.larus.ch\/fr\/product\/bac-sable-6-cots-2\/","title":{"rendered":"Bac \u00e0 sable 6 cot\u00e9s"},"content":{"rendered":"<p>Bac \u00e0 sable 6 cot\u00e9s<br \/>m\u00e9l\u00e8ze naturel, sans aubier, stri\u00e9e<br \/>planches 25mm<\/p>\n","protected":false},"excerpt":{"rendered":"<p>Bac \u00e0 sable 6 cot\u00e9s<br \/>m\u00e9l\u00e8ze naturel, sans aubier, stri\u00e9e<br \/>planches 25mm<\/p>\n","protected":false},"featured_media":323621,"template":"","meta":[],"product_cat":[59399],"product_tag":[],"_links":{"self":[{"href":"https:\/\/shop.larus.ch\/fr\/wp-json\/wp\/v2\/product\/17384"}],"collection":[{"href":"https:\/\/shop.larus.ch\/fr\/wp-json\/wp\/v2\/product"}],"about":[{"href":"https:\/\/shop.larus.ch\/fr\/wp-json\/wp\/v2\/types\/product"}],"wp:featuredmedia":[{"embeddable":true,"href":"https:\/\/shop.larus.ch\/fr\/wp-json\/wp\/v2\/media\/323621"}],"wp:attachment":[{"href":"https:\/\/shop.larus.ch\/fr\/wp-json\/wp\/v2\/media?parent=17384"}],"wp:term":[{"taxonomy":"product_cat","embeddable":true,"href":"https:\/\/shop.larus.ch\/fr\/wp-json\/wp\/v2\/product_cat?post=17384"},{"taxonomy":"product_tag","embeddable":true,"href":"https:\/\/shop.larus.ch\/fr\/wp-json\/wp\/v2\/product_tag?post=17384"}],"curies":[{"name":"wp","href":"https:\/\/api.w.org\/{rel}","templated":true}]}}