{"id":17374,"date":"2017-09-05T14:33:47","date_gmt":"2017-09-05T12:33:47","guid":{"rendered":"http:\/\/shop.larus.ch.rubin.metanet.ch\/product\/maisonnette-de-jeux-paul\/"},"modified":"2026-04-16T03:20:24","modified_gmt":"2026-04-16T01:20:24","slug":"maisonnette-de-jeux-paul","status":"publish","type":"product","link":"https:\/\/shop.larus.ch\/fr\/product\/maisonnette-de-jeux-paul\/","title":{"rendered":"Maisonnette de jeux Paul"},"content":{"rendered":"<p>Maisonnette de jeux Paul<br \/>\u00e9l\u00e9ments de paroi et de toit en planche \u00e0 reinure ressort 10 mm, impr\u00e9gn\u00e9 verd\u00e2tre<\/p>\n","protected":false},"excerpt":{"rendered":"<p>Maisonnette de jeux Paul<br \/>\u00e9l\u00e9ments de paroi et de toit en planche \u00e0 reinure ressort 10 mm, impr\u00e9gn\u00e9 verd\u00e2tre<\/p>\n","protected":false},"featured_media":323619,"template":"","meta":[],"product_cat":[59397],"product_tag":[],"_links":{"self":[{"href":"https:\/\/shop.larus.ch\/fr\/wp-json\/wp\/v2\/product\/17374"}],"collection":[{"href":"https:\/\/shop.larus.ch\/fr\/wp-json\/wp\/v2\/product"}],"about":[{"href":"https:\/\/shop.larus.ch\/fr\/wp-json\/wp\/v2\/types\/product"}],"wp:featuredmedia":[{"embeddable":true,"href":"https:\/\/shop.larus.ch\/fr\/wp-json\/wp\/v2\/media\/323619"}],"wp:attachment":[{"href":"https:\/\/shop.larus.ch\/fr\/wp-json\/wp\/v2\/media?parent=17374"}],"wp:term":[{"taxonomy":"product_cat","embeddable":true,"href":"https:\/\/shop.larus.ch\/fr\/wp-json\/wp\/v2\/product_cat?post=17374"},{"taxonomy":"product_tag","embeddable":true,"href":"https:\/\/shop.larus.ch\/fr\/wp-json\/wp\/v2\/product_tag?post=17374"}],"curies":[{"name":"wp","href":"https:\/\/api.w.org\/{rel}","templated":true}]}}