{"id":17373,"date":"2017-09-05T14:33:46","date_gmt":"2017-09-05T12:33:46","guid":{"rendered":"http:\/\/shop.larus.ch.rubin.metanet.ch\/product\/maison-surleve-tobi\/"},"modified":"2026-04-19T03:00:57","modified_gmt":"2026-04-19T01:00:57","slug":"maison-surleve-tobi","status":"publish","type":"product","link":"https:\/\/shop.larus.ch\/fr\/product\/maison-surleve-tobi\/","title":{"rendered":"Maison sur\u00e9lev\u00e9e Nadine"},"content":{"rendered":"<p>Maison sur\u00e9lev\u00e9e Nadine<br \/>\u00e9l\u00e9ments pr\u00e9fabriqu\u00e9s 16 mm, naturel, portail 51 x 115 cm, fen\u00eatre 38 x 44 cm, sans carton bitum\u00e9<\/p>\n","protected":false},"excerpt":{"rendered":"<p>Maison sur\u00e9lev\u00e9e Nadine<br \/>\u00e9l\u00e9ments pr\u00e9fabriqu\u00e9s 16 mm, naturel, portail 51 x 115 cm, fen\u00eatre 38 x 44 cm, sans carton bitum\u00e9<\/p>\n","protected":false},"featured_media":326558,"template":"","meta":[],"product_cat":[59397],"product_tag":[],"_links":{"self":[{"href":"https:\/\/shop.larus.ch\/fr\/wp-json\/wp\/v2\/product\/17373"}],"collection":[{"href":"https:\/\/shop.larus.ch\/fr\/wp-json\/wp\/v2\/product"}],"about":[{"href":"https:\/\/shop.larus.ch\/fr\/wp-json\/wp\/v2\/types\/product"}],"wp:featuredmedia":[{"embeddable":true,"href":"https:\/\/shop.larus.ch\/fr\/wp-json\/wp\/v2\/media\/326558"}],"wp:attachment":[{"href":"https:\/\/shop.larus.ch\/fr\/wp-json\/wp\/v2\/media?parent=17373"}],"wp:term":[{"taxonomy":"product_cat","embeddable":true,"href":"https:\/\/shop.larus.ch\/fr\/wp-json\/wp\/v2\/product_cat?post=17373"},{"taxonomy":"product_tag","embeddable":true,"href":"https:\/\/shop.larus.ch\/fr\/wp-json\/wp\/v2\/product_tag?post=17373"}],"curies":[{"name":"wp","href":"https:\/\/api.w.org\/{rel}","templated":true}]}}