{"id":17371,"date":"2017-09-05T14:33:46","date_gmt":"2017-09-05T12:33:46","guid":{"rendered":"http:\/\/shop.larus.ch.rubin.metanet.ch\/product\/bascule-massif\/"},"modified":"2026-04-19T03:16:52","modified_gmt":"2026-04-19T01:16:52","slug":"bascule-massif","status":"publish","type":"product","link":"https:\/\/shop.larus.ch\/fr\/product\/bascule-massif\/","title":{"rendered":"Bascule massif"},"content":{"rendered":"<p>Bascule avec barres en bois rond massif<br \/>rondins \u00d8 18 cm, frais\u00e9 cylindrique, chanfrein\u00e9 des deux c\u00f4t\u00e9s, impr\u00e9gn\u00e9 brun, incl. 2 poign\u00e9es CNS, support en acier avec charni\u00e8re, 2 amortisseur et vis<\/p>\n","protected":false},"excerpt":{"rendered":"<p>Bascule avec barres en bois rond massif<br \/>rondins \u00d8 18 cm, frais\u00e9 cylindrique, chanfrein\u00e9 des deux c\u00f4t\u00e9s, impr\u00e9gn\u00e9 brun, incl. 2 poign\u00e9es CNS, support en acier avec charni\u00e8re, 2 amortisseur et vis<\/p>\n","protected":false},"featured_media":326018,"template":"","meta":[],"product_cat":[59395],"product_tag":[],"_links":{"self":[{"href":"https:\/\/shop.larus.ch\/fr\/wp-json\/wp\/v2\/product\/17371"}],"collection":[{"href":"https:\/\/shop.larus.ch\/fr\/wp-json\/wp\/v2\/product"}],"about":[{"href":"https:\/\/shop.larus.ch\/fr\/wp-json\/wp\/v2\/types\/product"}],"wp:featuredmedia":[{"embeddable":true,"href":"https:\/\/shop.larus.ch\/fr\/wp-json\/wp\/v2\/media\/326018"}],"wp:attachment":[{"href":"https:\/\/shop.larus.ch\/fr\/wp-json\/wp\/v2\/media?parent=17371"}],"wp:term":[{"taxonomy":"product_cat","embeddable":true,"href":"https:\/\/shop.larus.ch\/fr\/wp-json\/wp\/v2\/product_cat?post=17371"},{"taxonomy":"product_tag","embeddable":true,"href":"https:\/\/shop.larus.ch\/fr\/wp-json\/wp\/v2\/product_tag?post=17371"}],"curies":[{"name":"wp","href":"https:\/\/api.w.org\/{rel}","templated":true}]}}