{"id":17368,"date":"2017-09-05T14:33:45","date_gmt":"2017-09-05T12:33:45","guid":{"rendered":"http:\/\/shop.larus.ch.rubin.metanet.ch\/product\/escalier-pour-toboggan-en-vague\/"},"modified":"2026-04-16T03:05:33","modified_gmt":"2026-04-16T01:05:33","slug":"escalier-pour-toboggan-en-vague-2","status":"publish","type":"product","link":"https:\/\/shop.larus.ch\/fr\/product\/escalier-pour-toboggan-en-vague-2\/","title":{"rendered":"Escalier pour toboggan en vague"},"content":{"rendered":"<p>Escalier pour toboggan en vague<br \/>cadre m\u00e9tallique rev\u00eatu de pudre RAL 6004 bleu-v\u00eart, \u00e9tapes avec structure anti-d\u00e9rapant, sans per\u00e7ages<br \/>3 ancrages incl.<br \/>hauteur de montage 150cm<\/p>\n","protected":false},"excerpt":{"rendered":"<p>Escalier pour toboggan en vague<br \/>cadre m\u00e9tallique rev\u00eatu de pudre RAL 6004 bleu-v\u00eart, \u00e9tapes avec structure anti-d\u00e9rapant, sans per\u00e7ages<br \/>3 ancrages incl.<br \/>hauteur de montage 150cm<\/p>\n","protected":false},"featured_media":324270,"template":"","meta":[],"product_cat":[],"product_tag":[],"_links":{"self":[{"href":"https:\/\/shop.larus.ch\/fr\/wp-json\/wp\/v2\/product\/17368"}],"collection":[{"href":"https:\/\/shop.larus.ch\/fr\/wp-json\/wp\/v2\/product"}],"about":[{"href":"https:\/\/shop.larus.ch\/fr\/wp-json\/wp\/v2\/types\/product"}],"wp:featuredmedia":[{"embeddable":true,"href":"https:\/\/shop.larus.ch\/fr\/wp-json\/wp\/v2\/media\/324270"}],"wp:attachment":[{"href":"https:\/\/shop.larus.ch\/fr\/wp-json\/wp\/v2\/media?parent=17368"}],"wp:term":[{"taxonomy":"product_cat","embeddable":true,"href":"https:\/\/shop.larus.ch\/fr\/wp-json\/wp\/v2\/product_cat?post=17368"},{"taxonomy":"product_tag","embeddable":true,"href":"https:\/\/shop.larus.ch\/fr\/wp-json\/wp\/v2\/product_tag?post=17368"}],"curies":[{"name":"wp","href":"https:\/\/api.w.org\/{rel}","templated":true}]}}