{"id":17364,"date":"2017-09-05T14:33:44","date_gmt":"2017-09-05T12:33:44","guid":{"rendered":"http:\/\/shop.larus.ch.rubin.metanet.ch\/product\/balanoire-avec-nid\/"},"modified":"2026-04-16T03:15:16","modified_gmt":"2026-04-16T01:15:16","slug":"balanoire-avec-nid","status":"publish","type":"product","link":"https:\/\/shop.larus.ch\/fr\/product\/balanoire-avec-nid\/","title":{"rendered":"Balan\u00e7oire avec nid"},"content":{"rendered":"<p>Balan\u00e7oire avec nid<br \/>impr\u00e9gn\u00e9 brun, bois ronds de sapin \u00d8 14 cm, entretoise \u00d8 16 cm, frais\u00e9s cylindriques, nid balan\u00e7oire \u00d8 120 cm, incl. per\u00e7ages et vis, cardans en acier inoxydable, ancrage m\u00e9talliques pour b\u00e9ton<\/p>\n","protected":false},"excerpt":{"rendered":"<p>Balan\u00e7oire avec nid<br \/>impr\u00e9gn\u00e9 brun, bois ronds de sapin \u00d8 14 cm, entretoise \u00d8 16 cm, frais\u00e9s cylindriques, nid balan\u00e7oire \u00d8 120 cm, incl. per\u00e7ages et vis, cardans en acier inoxydable, ancrage m\u00e9talliques pour b\u00e9ton<\/p>\n","protected":false},"featured_media":325156,"template":"","meta":[],"product_cat":[59389],"product_tag":[],"_links":{"self":[{"href":"https:\/\/shop.larus.ch\/fr\/wp-json\/wp\/v2\/product\/17364"}],"collection":[{"href":"https:\/\/shop.larus.ch\/fr\/wp-json\/wp\/v2\/product"}],"about":[{"href":"https:\/\/shop.larus.ch\/fr\/wp-json\/wp\/v2\/types\/product"}],"wp:featuredmedia":[{"embeddable":true,"href":"https:\/\/shop.larus.ch\/fr\/wp-json\/wp\/v2\/media\/325156"}],"wp:attachment":[{"href":"https:\/\/shop.larus.ch\/fr\/wp-json\/wp\/v2\/media?parent=17364"}],"wp:term":[{"taxonomy":"product_cat","embeddable":true,"href":"https:\/\/shop.larus.ch\/fr\/wp-json\/wp\/v2\/product_cat?post=17364"},{"taxonomy":"product_tag","embeddable":true,"href":"https:\/\/shop.larus.ch\/fr\/wp-json\/wp\/v2\/product_tag?post=17364"}],"curies":[{"name":"wp","href":"https:\/\/api.w.org\/{rel}","templated":true}]}}