{"id":17362,"date":"2017-09-05T14:33:44","date_gmt":"2017-09-05T12:33:44","guid":{"rendered":"http:\/\/shop.larus.ch.rubin.metanet.ch\/product\/balanoire-pub-corde\/"},"modified":"2026-04-16T03:11:56","modified_gmt":"2026-04-16T01:11:56","slug":"balanoire-pub-corde","status":"publish","type":"product","link":"https:\/\/shop.larus.ch\/fr\/product\/balanoire-pub-corde\/","title":{"rendered":"Balan\u00e7oire pub. corde"},"content":{"rendered":"<p>Support de balan\u00e7oire massif deux places avec corde lat\u00e9rale<br \/>impr\u00e9gn\u00e9 brun pour lieux publics,4 poteaux 350cm,1 chev\u00eatre 450 cm,5 collier de balan\u00e7oire massif galvanis\u00e9,vis incl.,2 si\u00e8ges de balan\u00e7oire en cautchouc avec collier,1 corde<\/p>\n","protected":false},"excerpt":{"rendered":"<p>Support de balan\u00e7oire massif deux places avec corde lat\u00e9rale<br \/>impr\u00e9gn\u00e9 brun pour lieux publics,4 poteaux 350cm,1 chev\u00eatre 450 cm,5 collier de balan\u00e7oire massif galvanis\u00e9,vis incl.,2 si\u00e8ges de balan\u00e7oire en cautchouc avec collier,1 corde<\/p>\n","protected":false},"featured_media":325080,"template":"","meta":[],"product_cat":[59387],"product_tag":[],"_links":{"self":[{"href":"https:\/\/shop.larus.ch\/fr\/wp-json\/wp\/v2\/product\/17362"}],"collection":[{"href":"https:\/\/shop.larus.ch\/fr\/wp-json\/wp\/v2\/product"}],"about":[{"href":"https:\/\/shop.larus.ch\/fr\/wp-json\/wp\/v2\/types\/product"}],"wp:featuredmedia":[{"embeddable":true,"href":"https:\/\/shop.larus.ch\/fr\/wp-json\/wp\/v2\/media\/325080"}],"wp:attachment":[{"href":"https:\/\/shop.larus.ch\/fr\/wp-json\/wp\/v2\/media?parent=17362"}],"wp:term":[{"taxonomy":"product_cat","embeddable":true,"href":"https:\/\/shop.larus.ch\/fr\/wp-json\/wp\/v2\/product_cat?post=17362"},{"taxonomy":"product_tag","embeddable":true,"href":"https:\/\/shop.larus.ch\/fr\/wp-json\/wp\/v2\/product_tag?post=17362"}],"curies":[{"name":"wp","href":"https:\/\/api.w.org\/{rel}","templated":true}]}}