{"id":17360,"date":"2017-09-05T14:33:43","date_gmt":"2017-09-05T12:33:43","guid":{"rendered":"http:\/\/shop.larus.ch.rubin.metanet.ch\/product\/balanoire-a-plateforme\/"},"modified":"2026-04-16T03:11:33","modified_gmt":"2026-04-16T01:11:33","slug":"balanoire-a-plateforme","status":"publish","type":"product","link":"https:\/\/shop.larus.ch\/fr\/product\/balanoire-a-plateforme\/","title":{"rendered":"Balan\u00e7oire a.plateforme"},"content":{"rendered":"<p>Support de balan\u00e7oire massif deux places avec plateforme, impr\u00e9gn\u00e9 brun, 6 poteaux 350 cm de long, 1 chev\u00eatre 350 cm de long, 4 colliers, vis inclus, deux si\u00e8ges en caoutchou, <br \/>* *<br \/>Un toboggan ondul\u00e9 en mati\u00e8re plastique 290 cm de long<br \/>* *<\/p>\n","protected":false},"excerpt":{"rendered":"<p>Support de balan\u00e7oire massif deux places avec plateforme, impr\u00e9gn\u00e9 brun, 6 poteaux 350 cm de long, 1 chev\u00eatre 350 cm de long, 4 colliers, vis inclus, deux si\u00e8ges en caoutchou, <br \/>* *<br \/>Un toboggan ondul\u00e9 en mati\u00e8re plastique 290 cm de long<br \/>* *<\/p>\n","protected":false},"featured_media":325002,"template":"","meta":[],"product_cat":[59385],"product_tag":[],"_links":{"self":[{"href":"https:\/\/shop.larus.ch\/fr\/wp-json\/wp\/v2\/product\/17360"}],"collection":[{"href":"https:\/\/shop.larus.ch\/fr\/wp-json\/wp\/v2\/product"}],"about":[{"href":"https:\/\/shop.larus.ch\/fr\/wp-json\/wp\/v2\/types\/product"}],"wp:featuredmedia":[{"embeddable":true,"href":"https:\/\/shop.larus.ch\/fr\/wp-json\/wp\/v2\/media\/325002"}],"wp:attachment":[{"href":"https:\/\/shop.larus.ch\/fr\/wp-json\/wp\/v2\/media?parent=17360"}],"wp:term":[{"taxonomy":"product_cat","embeddable":true,"href":"https:\/\/shop.larus.ch\/fr\/wp-json\/wp\/v2\/product_cat?post=17360"},{"taxonomy":"product_tag","embeddable":true,"href":"https:\/\/shop.larus.ch\/fr\/wp-json\/wp\/v2\/product_tag?post=17360"}],"curies":[{"name":"wp","href":"https:\/\/api.w.org\/{rel}","templated":true}]}}