{"id":17359,"date":"2017-09-05T14:33:43","date_gmt":"2017-09-05T12:33:43","guid":{"rendered":"http:\/\/shop.larus.ch.rubin.metanet.ch\/product\/balanoire-a-corde\/"},"modified":"2026-04-16T03:11:16","modified_gmt":"2026-04-16T01:11:16","slug":"balanoire-a-corde","status":"publish","type":"product","link":"https:\/\/shop.larus.ch\/fr\/product\/balanoire-a-corde\/","title":{"rendered":"Balan\u00e7oire a. corde"},"content":{"rendered":"<p>Support de balan\u00e7oire massif deux places avec corde lat\u00e9rale <br \/>impr\u00e9gn\u00e9 brun<br \/>quatre poteaux 350cm de long, un chev\u00eatre 450 cm de long, cinq colliers pour balan\u00e7oire, vis incl., deux si\u00e8ges en caoutchouc, une corde<\/p>\n","protected":false},"excerpt":{"rendered":"<p>Support de balan\u00e7oire massif deux places avec corde lat\u00e9rale <br \/>impr\u00e9gn\u00e9 brun<br \/>quatre poteaux 350cm de long, un chev\u00eatre 450 cm de long, cinq colliers pour balan\u00e7oire, vis incl., deux si\u00e8ges en caoutchouc, une corde<\/p>\n","protected":false},"featured_media":324930,"template":"","meta":[],"product_cat":[59385],"product_tag":[],"_links":{"self":[{"href":"https:\/\/shop.larus.ch\/fr\/wp-json\/wp\/v2\/product\/17359"}],"collection":[{"href":"https:\/\/shop.larus.ch\/fr\/wp-json\/wp\/v2\/product"}],"about":[{"href":"https:\/\/shop.larus.ch\/fr\/wp-json\/wp\/v2\/types\/product"}],"wp:featuredmedia":[{"embeddable":true,"href":"https:\/\/shop.larus.ch\/fr\/wp-json\/wp\/v2\/media\/324930"}],"wp:attachment":[{"href":"https:\/\/shop.larus.ch\/fr\/wp-json\/wp\/v2\/media?parent=17359"}],"wp:term":[{"taxonomy":"product_cat","embeddable":true,"href":"https:\/\/shop.larus.ch\/fr\/wp-json\/wp\/v2\/product_cat?post=17359"},{"taxonomy":"product_tag","embeddable":true,"href":"https:\/\/shop.larus.ch\/fr\/wp-json\/wp\/v2\/product_tag?post=17359"}],"curies":[{"name":"wp","href":"https:\/\/api.w.org\/{rel}","templated":true}]}}