{"id":17350,"date":"2017-09-05T14:33:40","date_gmt":"2017-09-05T12:33:40","guid":{"rendered":"http:\/\/shop.larus.ch.rubin.metanet.ch\/product\/installation-de-jeux-henry\/"},"modified":"2026-04-19T03:16:46","modified_gmt":"2026-04-19T01:16:46","slug":"installation-de-jeux-henry","status":"publish","type":"product","link":"https:\/\/shop.larus.ch\/fr\/product\/installation-de-jeux-henry\/","title":{"rendered":"Installation de jeux Jan"},"content":{"rendered":"<p>Installation de jeux Jan<br \/>impr\u00e9gn\u00e9 verd\u00e2tre, hauteur de plateforme 150 cm et \u00e9chelle, 2 si\u00e8ges de balan\u00e7oire en PVC, 1 \u00e9chelle de corde, poutre pour balan\u00e7oire \u00d8 10 cm<br \/>(Sans glissi\u00e8re)<\/p>\n","protected":false},"excerpt":{"rendered":"<p>Installation de jeux Jan<br \/>impr\u00e9gn\u00e9 verd\u00e2tre, hauteur de plateforme 150 cm et \u00e9chelle, 2 si\u00e8ges de balan\u00e7oire en PVC, 1 \u00e9chelle de corde, poutre pour balan\u00e7oire \u00d8 10 cm<br \/>(Sans glissi\u00e8re)<\/p>\n","protected":false},"featured_media":323871,"template":"","meta":[],"product_cat":[59381],"product_tag":[],"_links":{"self":[{"href":"https:\/\/shop.larus.ch\/fr\/wp-json\/wp\/v2\/product\/17350"}],"collection":[{"href":"https:\/\/shop.larus.ch\/fr\/wp-json\/wp\/v2\/product"}],"about":[{"href":"https:\/\/shop.larus.ch\/fr\/wp-json\/wp\/v2\/types\/product"}],"wp:featuredmedia":[{"embeddable":true,"href":"https:\/\/shop.larus.ch\/fr\/wp-json\/wp\/v2\/media\/323871"}],"wp:attachment":[{"href":"https:\/\/shop.larus.ch\/fr\/wp-json\/wp\/v2\/media?parent=17350"}],"wp:term":[{"taxonomy":"product_cat","embeddable":true,"href":"https:\/\/shop.larus.ch\/fr\/wp-json\/wp\/v2\/product_cat?post=17350"},{"taxonomy":"product_tag","embeddable":true,"href":"https:\/\/shop.larus.ch\/fr\/wp-json\/wp\/v2\/product_tag?post=17350"}],"curies":[{"name":"wp","href":"https:\/\/api.w.org\/{rel}","templated":true}]}}