{"id":17343,"date":"2017-09-05T14:33:38","date_gmt":"2017-09-05T12:33:38","guid":{"rendered":"http:\/\/shop.larus.ch.rubin.metanet.ch\/product\/ancr-spcial-l\/"},"modified":"2026-04-16T03:21:46","modified_gmt":"2026-04-16T01:21:46","slug":"ancr-spcial-l","status":"publish","type":"product","link":"https:\/\/shop.larus.ch\/fr\/product\/ancr-spcial-l\/","title":{"rendered":"Ancr\u00e9 sp\u00e9cial L"},"content":{"rendered":"<p>Ancre sp\u00e9cial forme L <br \/>Epaisseur 4 mm, galvanis\u00e9 \u00e0 chaud<br \/>pour installations de jeux, banc \u00e0 jardin, bac \u00e0 fleurs<\/p>\n","protected":false},"excerpt":{"rendered":"<p>Ancre sp\u00e9cial forme L <br \/>Epaisseur 4 mm, galvanis\u00e9 \u00e0 chaud<br \/>pour installations de jeux, banc \u00e0 jardin, bac \u00e0 fleurs<\/p>\n","protected":false},"featured_media":323843,"template":"","meta":[],"product_cat":[59407],"product_tag":[],"_links":{"self":[{"href":"https:\/\/shop.larus.ch\/fr\/wp-json\/wp\/v2\/product\/17343"}],"collection":[{"href":"https:\/\/shop.larus.ch\/fr\/wp-json\/wp\/v2\/product"}],"about":[{"href":"https:\/\/shop.larus.ch\/fr\/wp-json\/wp\/v2\/types\/product"}],"wp:featuredmedia":[{"embeddable":true,"href":"https:\/\/shop.larus.ch\/fr\/wp-json\/wp\/v2\/media\/323843"}],"wp:attachment":[{"href":"https:\/\/shop.larus.ch\/fr\/wp-json\/wp\/v2\/media?parent=17343"}],"wp:term":[{"taxonomy":"product_cat","embeddable":true,"href":"https:\/\/shop.larus.ch\/fr\/wp-json\/wp\/v2\/product_cat?post=17343"},{"taxonomy":"product_tag","embeddable":true,"href":"https:\/\/shop.larus.ch\/fr\/wp-json\/wp\/v2\/product_tag?post=17343"}],"curies":[{"name":"wp","href":"https:\/\/api.w.org\/{rel}","templated":true}]}}