{"id":17325,"date":"2017-09-05T14:33:33","date_gmt":"2017-09-05T12:33:33","guid":{"rendered":"http:\/\/shop.larus.ch.rubin.metanet.ch\/product\/bois-rond-palissade-brun\/"},"modified":"2026-04-19T03:06:38","modified_gmt":"2026-04-19T01:06:38","slug":"bois-rond-palissade-brun-6","status":"publish","type":"product","link":"https:\/\/shop.larus.ch\/fr\/product\/bois-rond-palissade-brun-6\/","title":{"rendered":"Bois rond palissade brun"},"content":{"rendered":"<p>Bois ronds de palissade<br \/>impr\u00e9gn\u00e9 brun, frais\u00e9 cylindrique, chanfrein\u00e9 d\u00b4 un c\u00f4t\u00e9, perfor\u00e9<\/p>\n","protected":false},"excerpt":{"rendered":"<p>Bois ronds de palissade<br \/>impr\u00e9gn\u00e9 brun, frais\u00e9 cylindrique, chanfrein\u00e9 d\u00b4 un c\u00f4t\u00e9, perfor\u00e9<\/p>\n","protected":false},"featured_media":325054,"template":"","meta":[],"product_cat":[59359],"product_tag":[],"_links":{"self":[{"href":"https:\/\/shop.larus.ch\/fr\/wp-json\/wp\/v2\/product\/17325"}],"collection":[{"href":"https:\/\/shop.larus.ch\/fr\/wp-json\/wp\/v2\/product"}],"about":[{"href":"https:\/\/shop.larus.ch\/fr\/wp-json\/wp\/v2\/types\/product"}],"wp:featuredmedia":[{"embeddable":true,"href":"https:\/\/shop.larus.ch\/fr\/wp-json\/wp\/v2\/media\/325054"}],"wp:attachment":[{"href":"https:\/\/shop.larus.ch\/fr\/wp-json\/wp\/v2\/media?parent=17325"}],"wp:term":[{"taxonomy":"product_cat","embeddable":true,"href":"https:\/\/shop.larus.ch\/fr\/wp-json\/wp\/v2\/product_cat?post=17325"},{"taxonomy":"product_tag","embeddable":true,"href":"https:\/\/shop.larus.ch\/fr\/wp-json\/wp\/v2\/product_tag?post=17325"}],"curies":[{"name":"wp","href":"https:\/\/api.w.org\/{rel}","templated":true}]}}