{"id":17320,"date":"2017-09-05T14:33:32","date_gmt":"2017-09-05T12:33:32","guid":{"rendered":"http:\/\/shop.larus.ch.rubin.metanet.ch\/product\/bois-ronds-palissade-brun\/"},"modified":"2026-04-16T03:16:38","modified_gmt":"2026-04-16T01:16:38","slug":"bois-ronds-palissade-brun-3","status":"publish","type":"product","link":"https:\/\/shop.larus.ch\/fr\/product\/bois-ronds-palissade-brun-3\/","title":{"rendered":"Bois ronds palissade brun"},"content":{"rendered":"<p>Bois ronds de palissade<br \/>impr\u00e9gn\u00e9 brun, frais\u00e9 cylindrique, chanfrein\u00e9 d\u00b4 un c\u00f4t\u00e9, perfor\u00e9<\/p>\n","protected":false},"excerpt":{"rendered":"<p>Bois ronds de palissade<br \/>impr\u00e9gn\u00e9 brun, frais\u00e9 cylindrique, chanfrein\u00e9 d\u00b4 un c\u00f4t\u00e9, perfor\u00e9<\/p>\n","protected":false},"featured_media":325462,"template":"","meta":[],"product_cat":[59359],"product_tag":[],"_links":{"self":[{"href":"https:\/\/shop.larus.ch\/fr\/wp-json\/wp\/v2\/product\/17320"}],"collection":[{"href":"https:\/\/shop.larus.ch\/fr\/wp-json\/wp\/v2\/product"}],"about":[{"href":"https:\/\/shop.larus.ch\/fr\/wp-json\/wp\/v2\/types\/product"}],"wp:featuredmedia":[{"embeddable":true,"href":"https:\/\/shop.larus.ch\/fr\/wp-json\/wp\/v2\/media\/325462"}],"wp:attachment":[{"href":"https:\/\/shop.larus.ch\/fr\/wp-json\/wp\/v2\/media?parent=17320"}],"wp:term":[{"taxonomy":"product_cat","embeddable":true,"href":"https:\/\/shop.larus.ch\/fr\/wp-json\/wp\/v2\/product_cat?post=17320"},{"taxonomy":"product_tag","embeddable":true,"href":"https:\/\/shop.larus.ch\/fr\/wp-json\/wp\/v2\/product_tag?post=17320"}],"curies":[{"name":"wp","href":"https:\/\/api.w.org\/{rel}","templated":true}]}}