{"id":17287,"date":"2017-09-05T14:33:23","date_gmt":"2017-09-05T12:33:23","guid":{"rendered":"http:\/\/shop.larus.ch.rubin.metanet.ch\/product\/btons-tomates\/"},"modified":"2026-04-19T03:05:49","modified_gmt":"2026-04-19T01:05:49","slug":"btons-tomates","status":"publish","type":"product","link":"https:\/\/shop.larus.ch\/fr\/product\/btons-tomates\/","title":{"rendered":"B\u00e2tons tomates"},"content":{"rendered":"<p>B\u00e2tons tomates<br \/>sci\u00e9, chanfrein\u00e9, appoint\u00e9, naturel<\/p>\n","protected":false},"excerpt":{"rendered":"<p>B\u00e2tons tomates<br \/>sci\u00e9, chanfrein\u00e9, appoint\u00e9, naturel<\/p>\n","protected":false},"featured_media":322995,"template":"","meta":[],"product_cat":[59349],"product_tag":[],"_links":{"self":[{"href":"https:\/\/shop.larus.ch\/fr\/wp-json\/wp\/v2\/product\/17287"}],"collection":[{"href":"https:\/\/shop.larus.ch\/fr\/wp-json\/wp\/v2\/product"}],"about":[{"href":"https:\/\/shop.larus.ch\/fr\/wp-json\/wp\/v2\/types\/product"}],"wp:featuredmedia":[{"embeddable":true,"href":"https:\/\/shop.larus.ch\/fr\/wp-json\/wp\/v2\/media\/322995"}],"wp:attachment":[{"href":"https:\/\/shop.larus.ch\/fr\/wp-json\/wp\/v2\/media?parent=17287"}],"wp:term":[{"taxonomy":"product_cat","embeddable":true,"href":"https:\/\/shop.larus.ch\/fr\/wp-json\/wp\/v2\/product_cat?post=17287"},{"taxonomy":"product_tag","embeddable":true,"href":"https:\/\/shop.larus.ch\/fr\/wp-json\/wp\/v2\/product_tag?post=17287"}],"curies":[{"name":"wp","href":"https:\/\/api.w.org\/{rel}","templated":true}]}}