{"id":17272,"date":"2017-09-05T14:33:19","date_gmt":"2017-09-05T12:33:19","guid":{"rendered":"http:\/\/shop.larus.ch.rubin.metanet.ch\/product\/poteaux-en-chne-brun\/"},"modified":"2026-04-19T03:15:19","modified_gmt":"2026-04-19T01:15:19","slug":"poteaux-en-chne-brun-8","status":"publish","type":"product","link":"https:\/\/shop.larus.ch\/fr\/product\/poteaux-en-chne-brun-8\/","title":{"rendered":"Poteaux en ch\u00eane brun"},"content":{"rendered":"<p>Poteaux en ch\u00eane<br \/>impr\u00e9gn\u00e9 brun, pointu, sci\u00e9<\/p>\n","protected":false},"excerpt":{"rendered":"<p>Poteaux en ch\u00eane<br \/>impr\u00e9gn\u00e9 brun, pointu, sci\u00e9<\/p>\n","protected":false},"featured_media":325654,"template":"","meta":[],"product_cat":[59347],"product_tag":[],"_links":{"self":[{"href":"https:\/\/shop.larus.ch\/fr\/wp-json\/wp\/v2\/product\/17272"}],"collection":[{"href":"https:\/\/shop.larus.ch\/fr\/wp-json\/wp\/v2\/product"}],"about":[{"href":"https:\/\/shop.larus.ch\/fr\/wp-json\/wp\/v2\/types\/product"}],"wp:featuredmedia":[{"embeddable":true,"href":"https:\/\/shop.larus.ch\/fr\/wp-json\/wp\/v2\/media\/325654"}],"wp:attachment":[{"href":"https:\/\/shop.larus.ch\/fr\/wp-json\/wp\/v2\/media?parent=17272"}],"wp:term":[{"taxonomy":"product_cat","embeddable":true,"href":"https:\/\/shop.larus.ch\/fr\/wp-json\/wp\/v2\/product_cat?post=17272"},{"taxonomy":"product_tag","embeddable":true,"href":"https:\/\/shop.larus.ch\/fr\/wp-json\/wp\/v2\/product_tag?post=17272"}],"curies":[{"name":"wp","href":"https:\/\/api.w.org\/{rel}","templated":true}]}}