{"id":17258,"date":"2017-09-05T14:33:16","date_gmt":"2017-09-05T12:33:16","guid":{"rendered":"http:\/\/shop.larus.ch.rubin.metanet.ch\/product\/poteaux-en-mlze-brun\/"},"modified":"2026-04-16T03:11:45","modified_gmt":"2026-04-16T01:11:45","slug":"poteaux-en-mlze-brun-10","status":"publish","type":"product","link":"https:\/\/shop.larus.ch\/fr\/product\/poteaux-en-mlze-brun-10\/","title":{"rendered":"Poteaux en m\u00e9l\u00e8ze brun"},"content":{"rendered":"<p>Poteaux en m\u00e9l\u00e8ze<br \/>impr\u00e9gn\u00e9 brun, pointu, sci\u00e9<\/p>\n","protected":false},"excerpt":{"rendered":"<p>Poteaux en m\u00e9l\u00e8ze<br \/>impr\u00e9gn\u00e9 brun, pointu, sci\u00e9<\/p>\n","protected":false},"featured_media":323131,"template":"","meta":[],"product_cat":[59345],"product_tag":[],"_links":{"self":[{"href":"https:\/\/shop.larus.ch\/fr\/wp-json\/wp\/v2\/product\/17258"}],"collection":[{"href":"https:\/\/shop.larus.ch\/fr\/wp-json\/wp\/v2\/product"}],"about":[{"href":"https:\/\/shop.larus.ch\/fr\/wp-json\/wp\/v2\/types\/product"}],"wp:featuredmedia":[{"embeddable":true,"href":"https:\/\/shop.larus.ch\/fr\/wp-json\/wp\/v2\/media\/323131"}],"wp:attachment":[{"href":"https:\/\/shop.larus.ch\/fr\/wp-json\/wp\/v2\/media?parent=17258"}],"wp:term":[{"taxonomy":"product_cat","embeddable":true,"href":"https:\/\/shop.larus.ch\/fr\/wp-json\/wp\/v2\/product_cat?post=17258"},{"taxonomy":"product_tag","embeddable":true,"href":"https:\/\/shop.larus.ch\/fr\/wp-json\/wp\/v2\/product_tag?post=17258"}],"curies":[{"name":"wp","href":"https:\/\/api.w.org\/{rel}","templated":true}]}}