{"id":17255,"date":"2017-09-05T14:33:15","date_gmt":"2017-09-05T12:33:15","guid":{"rendered":"http:\/\/shop.larus.ch.rubin.metanet.ch\/product\/poteaux-en-mlze-brun\/"},"modified":"2026-04-16T03:20:35","modified_gmt":"2026-04-16T01:20:35","slug":"poteaux-en-mlze-brun-7","status":"publish","type":"product","link":"https:\/\/shop.larus.ch\/fr\/product\/poteaux-en-mlze-brun-7\/","title":{"rendered":"Poteaux en m\u00e9l\u00e8ze brun"},"content":{"rendered":"<p>Poteaux en m\u00e9l\u00e8ze<br \/>impr\u00e9gn\u00e9 brun, pointu, sci\u00e9<\/p>\n","protected":false},"excerpt":{"rendered":"<p>Poteaux en m\u00e9l\u00e8ze<br \/>impr\u00e9gn\u00e9 brun, pointu, sci\u00e9<\/p>\n","protected":false},"featured_media":325670,"template":"","meta":[],"product_cat":[59345],"product_tag":[],"_links":{"self":[{"href":"https:\/\/shop.larus.ch\/fr\/wp-json\/wp\/v2\/product\/17255"}],"collection":[{"href":"https:\/\/shop.larus.ch\/fr\/wp-json\/wp\/v2\/product"}],"about":[{"href":"https:\/\/shop.larus.ch\/fr\/wp-json\/wp\/v2\/types\/product"}],"wp:featuredmedia":[{"embeddable":true,"href":"https:\/\/shop.larus.ch\/fr\/wp-json\/wp\/v2\/media\/325670"}],"wp:attachment":[{"href":"https:\/\/shop.larus.ch\/fr\/wp-json\/wp\/v2\/media?parent=17255"}],"wp:term":[{"taxonomy":"product_cat","embeddable":true,"href":"https:\/\/shop.larus.ch\/fr\/wp-json\/wp\/v2\/product_cat?post=17255"},{"taxonomy":"product_tag","embeddable":true,"href":"https:\/\/shop.larus.ch\/fr\/wp-json\/wp\/v2\/product_tag?post=17255"}],"curies":[{"name":"wp","href":"https:\/\/api.w.org\/{rel}","templated":true}]}}