{"id":17234,"date":"2017-09-05T14:33:09","date_gmt":"2017-09-05T12:33:09","guid":{"rendered":"http:\/\/shop.larus.ch.rubin.metanet.ch\/product\/poteaux-en-sapin-brun-3\/"},"modified":"2026-04-19T03:00:36","modified_gmt":"2026-04-19T01:00:36","slug":"poteaux-en-sapin-brun-3-17","status":"publish","type":"product","link":"https:\/\/shop.larus.ch\/fr\/product\/poteaux-en-sapin-brun-3-17\/","title":{"rendered":"Poteaux en sapin brun"},"content":{"rendered":"<p>Poteaux en sapin<br \/>impr\u00e9gn\u00e9 brun, pointu, frais\u00e9 cylindrique, chanfrein\u00e9<\/p>\n","protected":false},"excerpt":{"rendered":"<p>Poteaux en sapin<br \/>impr\u00e9gn\u00e9 brun, pointu, frais\u00e9 cylindrique, chanfrein\u00e9<\/p>\n","protected":false},"featured_media":324276,"template":"","meta":[],"product_cat":[59341],"product_tag":[],"_links":{"self":[{"href":"https:\/\/shop.larus.ch\/fr\/wp-json\/wp\/v2\/product\/17234"}],"collection":[{"href":"https:\/\/shop.larus.ch\/fr\/wp-json\/wp\/v2\/product"}],"about":[{"href":"https:\/\/shop.larus.ch\/fr\/wp-json\/wp\/v2\/types\/product"}],"wp:featuredmedia":[{"embeddable":true,"href":"https:\/\/shop.larus.ch\/fr\/wp-json\/wp\/v2\/media\/324276"}],"wp:attachment":[{"href":"https:\/\/shop.larus.ch\/fr\/wp-json\/wp\/v2\/media?parent=17234"}],"wp:term":[{"taxonomy":"product_cat","embeddable":true,"href":"https:\/\/shop.larus.ch\/fr\/wp-json\/wp\/v2\/product_cat?post=17234"},{"taxonomy":"product_tag","embeddable":true,"href":"https:\/\/shop.larus.ch\/fr\/wp-json\/wp\/v2\/product_tag?post=17234"}],"curies":[{"name":"wp","href":"https:\/\/api.w.org\/{rel}","templated":true}]}}