{"id":17224,"date":"2017-09-05T14:33:07","date_gmt":"2017-09-05T12:33:07","guid":{"rendered":"http:\/\/shop.larus.ch.rubin.metanet.ch\/product\/poteaux-en-sapin-brun-3\/"},"modified":"2026-04-19T03:00:58","modified_gmt":"2026-04-19T01:00:58","slug":"poteaux-en-sapin-brun-3-7","status":"publish","type":"product","link":"https:\/\/shop.larus.ch\/fr\/product\/poteaux-en-sapin-brun-3-7\/","title":{"rendered":"Poteaux en sapin brun"},"content":{"rendered":"<p>Poteaux en sapin<br \/>impr\u00e9gn\u00e9 brun, pointu, frais\u00e9 cylindrique, chanfrein\u00e9<\/p>\n","protected":false},"excerpt":{"rendered":"<p>Poteaux en sapin<br \/>impr\u00e9gn\u00e9 brun, pointu, frais\u00e9 cylindrique, chanfrein\u00e9<\/p>\n","protected":false},"featured_media":324372,"template":"","meta":[],"product_cat":[59341],"product_tag":[],"_links":{"self":[{"href":"https:\/\/shop.larus.ch\/fr\/wp-json\/wp\/v2\/product\/17224"}],"collection":[{"href":"https:\/\/shop.larus.ch\/fr\/wp-json\/wp\/v2\/product"}],"about":[{"href":"https:\/\/shop.larus.ch\/fr\/wp-json\/wp\/v2\/types\/product"}],"wp:featuredmedia":[{"embeddable":true,"href":"https:\/\/shop.larus.ch\/fr\/wp-json\/wp\/v2\/media\/324372"}],"wp:attachment":[{"href":"https:\/\/shop.larus.ch\/fr\/wp-json\/wp\/v2\/media?parent=17224"}],"wp:term":[{"taxonomy":"product_cat","embeddable":true,"href":"https:\/\/shop.larus.ch\/fr\/wp-json\/wp\/v2\/product_cat?post=17224"},{"taxonomy":"product_tag","embeddable":true,"href":"https:\/\/shop.larus.ch\/fr\/wp-json\/wp\/v2\/product_tag?post=17224"}],"curies":[{"name":"wp","href":"https:\/\/api.w.org\/{rel}","templated":true}]}}