{"id":17198,"date":"2017-09-05T14:32:59","date_gmt":"2017-09-05T12:32:59","guid":{"rendered":"http:\/\/shop.larus.ch.rubin.metanet.ch\/product\/poteau-en-sapin-2\/"},"modified":"2026-04-21T03:11:53","modified_gmt":"2026-04-21T01:11:53","slug":"poteau-en-sapin-2-7","status":"publish","type":"product","link":"https:\/\/shop.larus.ch\/fr\/product\/poteau-en-sapin-2-7\/","title":{"rendered":"Poteau en sapin"},"content":{"rendered":"<p>Poteaux en sapin<br \/>impr\u00e9gnation verd\u00e2tre, pointu, frais\u00e9 cylindrique, chanfrein\u00e9<\/p>\n","protected":false},"excerpt":{"rendered":"<p>Poteaux en sapin<br \/>impr\u00e9gnation verd\u00e2tre, pointu, frais\u00e9 cylindrique, chanfrein\u00e9<\/p>\n","protected":false},"featured_media":325536,"template":"","meta":[],"product_cat":[59339],"product_tag":[],"_links":{"self":[{"href":"https:\/\/shop.larus.ch\/fr\/wp-json\/wp\/v2\/product\/17198"}],"collection":[{"href":"https:\/\/shop.larus.ch\/fr\/wp-json\/wp\/v2\/product"}],"about":[{"href":"https:\/\/shop.larus.ch\/fr\/wp-json\/wp\/v2\/types\/product"}],"wp:featuredmedia":[{"embeddable":true,"href":"https:\/\/shop.larus.ch\/fr\/wp-json\/wp\/v2\/media\/325536"}],"wp:attachment":[{"href":"https:\/\/shop.larus.ch\/fr\/wp-json\/wp\/v2\/media?parent=17198"}],"wp:term":[{"taxonomy":"product_cat","embeddable":true,"href":"https:\/\/shop.larus.ch\/fr\/wp-json\/wp\/v2\/product_cat?post=17198"},{"taxonomy":"product_tag","embeddable":true,"href":"https:\/\/shop.larus.ch\/fr\/wp-json\/wp\/v2\/product_tag?post=17198"}],"curies":[{"name":"wp","href":"https:\/\/api.w.org\/{rel}","templated":true}]}}