{"id":17188,"date":"2017-09-05T14:32:57","date_gmt":"2017-09-05T12:32:57","guid":{"rendered":"http:\/\/shop.larus.ch.rubin.metanet.ch\/product\/poteau-en-sapin-verd\/"},"modified":"2026-04-16T03:10:39","modified_gmt":"2026-04-16T01:10:39","slug":"poteau-en-sapin-verd-3","status":"publish","type":"product","link":"https:\/\/shop.larus.ch\/fr\/product\/poteau-en-sapin-verd-3\/","title":{"rendered":"Poteau en sapin verd."},"content":{"rendered":"<p>Poteaux en sapin<br \/>impr\u00e9gnation verd\u00e2tre, pointu, frais\u00e9 cylindrique, chanfrein\u00e9<\/p>\n","protected":false},"excerpt":{"rendered":"<p>Poteaux en sapin<br \/>impr\u00e9gnation verd\u00e2tre, pointu, frais\u00e9 cylindrique, chanfrein\u00e9<\/p>\n","protected":false},"featured_media":324796,"template":"","meta":[],"product_cat":[59339],"product_tag":[],"_links":{"self":[{"href":"https:\/\/shop.larus.ch\/fr\/wp-json\/wp\/v2\/product\/17188"}],"collection":[{"href":"https:\/\/shop.larus.ch\/fr\/wp-json\/wp\/v2\/product"}],"about":[{"href":"https:\/\/shop.larus.ch\/fr\/wp-json\/wp\/v2\/types\/product"}],"wp:featuredmedia":[{"embeddable":true,"href":"https:\/\/shop.larus.ch\/fr\/wp-json\/wp\/v2\/media\/324796"}],"wp:attachment":[{"href":"https:\/\/shop.larus.ch\/fr\/wp-json\/wp\/v2\/media?parent=17188"}],"wp:term":[{"taxonomy":"product_cat","embeddable":true,"href":"https:\/\/shop.larus.ch\/fr\/wp-json\/wp\/v2\/product_cat?post=17188"},{"taxonomy":"product_tag","embeddable":true,"href":"https:\/\/shop.larus.ch\/fr\/wp-json\/wp\/v2\/product_tag?post=17188"}],"curies":[{"name":"wp","href":"https:\/\/api.w.org\/{rel}","templated":true}]}}