{"id":17178,"date":"2017-09-05T14:32:54","date_gmt":"2017-09-05T12:32:54","guid":{"rendered":"http:\/\/shop.larus.ch.rubin.metanet.ch\/product\/boulons-tte-fraise\/"},"modified":"2026-04-19T03:01:13","modified_gmt":"2026-04-19T01:01:13","slug":"boulons-tte-fraise-2","status":"publish","type":"product","link":"https:\/\/shop.larus.ch\/fr\/product\/boulons-tte-fraise-2\/","title":{"rendered":"Boulons \u00e0 t\u00eate frais\u00e9e"},"content":{"rendered":"<p>Boulons \u00e0 t\u00eate frais\u00e9e <br \/>inox<br \/>(carton 100 pces.)<\/p>\n","protected":false},"excerpt":{"rendered":"<p>Boulons \u00e0 t\u00eate frais\u00e9e <br \/>inox<br \/>(carton 100 pces.)<\/p>\n","protected":false},"featured_media":324087,"template":"","meta":[],"product_cat":[59331],"product_tag":[],"_links":{"self":[{"href":"https:\/\/shop.larus.ch\/fr\/wp-json\/wp\/v2\/product\/17178"}],"collection":[{"href":"https:\/\/shop.larus.ch\/fr\/wp-json\/wp\/v2\/product"}],"about":[{"href":"https:\/\/shop.larus.ch\/fr\/wp-json\/wp\/v2\/types\/product"}],"wp:featuredmedia":[{"embeddable":true,"href":"https:\/\/shop.larus.ch\/fr\/wp-json\/wp\/v2\/media\/324087"}],"wp:attachment":[{"href":"https:\/\/shop.larus.ch\/fr\/wp-json\/wp\/v2\/media?parent=17178"}],"wp:term":[{"taxonomy":"product_cat","embeddable":true,"href":"https:\/\/shop.larus.ch\/fr\/wp-json\/wp\/v2\/product_cat?post=17178"},{"taxonomy":"product_tag","embeddable":true,"href":"https:\/\/shop.larus.ch\/fr\/wp-json\/wp\/v2\/product_tag?post=17178"}],"curies":[{"name":"wp","href":"https:\/\/api.w.org\/{rel}","templated":true}]}}