{"id":17154,"date":"2017-09-05T14:32:48","date_gmt":"2017-09-05T12:32:48","guid":{"rendered":"http:\/\/shop.larus.ch.rubin.metanet.ch\/product\/bois-de-construction\/"},"modified":"2026-04-16T03:11:30","modified_gmt":"2026-04-16T01:11:30","slug":"bois-de-construction-5","status":"publish","type":"product","link":"https:\/\/shop.larus.ch\/fr\/product\/bois-de-construction-5\/","title":{"rendered":"Bois de construction"},"content":{"rendered":"<p>Bois de construction <br \/>rabot\u00e9, ar\u00eates longitudinales chanfrein\u00e9es<br \/>impr\u00e9gn\u00e9 verd\u00e2tre<\/p>\n","protected":false},"excerpt":{"rendered":"<p>Bois de construction <br \/>rabot\u00e9, ar\u00eates longitudinales chanfrein\u00e9es<br \/>impr\u00e9gn\u00e9 verd\u00e2tre<\/p>\n","protected":false},"featured_media":324996,"template":"","meta":[],"product_cat":[59323],"product_tag":[],"_links":{"self":[{"href":"https:\/\/shop.larus.ch\/fr\/wp-json\/wp\/v2\/product\/17154"}],"collection":[{"href":"https:\/\/shop.larus.ch\/fr\/wp-json\/wp\/v2\/product"}],"about":[{"href":"https:\/\/shop.larus.ch\/fr\/wp-json\/wp\/v2\/types\/product"}],"wp:featuredmedia":[{"embeddable":true,"href":"https:\/\/shop.larus.ch\/fr\/wp-json\/wp\/v2\/media\/324996"}],"wp:attachment":[{"href":"https:\/\/shop.larus.ch\/fr\/wp-json\/wp\/v2\/media?parent=17154"}],"wp:term":[{"taxonomy":"product_cat","embeddable":true,"href":"https:\/\/shop.larus.ch\/fr\/wp-json\/wp\/v2\/product_cat?post=17154"},{"taxonomy":"product_tag","embeddable":true,"href":"https:\/\/shop.larus.ch\/fr\/wp-json\/wp\/v2\/product_tag?post=17154"}],"curies":[{"name":"wp","href":"https:\/\/api.w.org\/{rel}","templated":true}]}}