{"id":17142,"date":"2017-09-05T14:32:45","date_gmt":"2017-09-05T12:32:45","guid":{"rendered":"http:\/\/shop.larus.ch.rubin.metanet.ch\/product\/plancher-mlze\/"},"modified":"2026-04-16T03:06:39","modified_gmt":"2026-04-16T01:06:39","slug":"plancher-mlze","status":"publish","type":"product","link":"https:\/\/shop.larus.ch\/fr\/product\/plancher-mlze\/","title":{"rendered":"Plancher m\u00e9l\u00e8ze"},"content":{"rendered":"<p>Planchers en bois de m\u00e9l\u00e8ze<br \/>rabot\u00e9, c\u00f4tes longitudinaux l\u00e9g\u00e8rement chanfrein\u00e9s, impr\u00e9gn\u00e9 brun<\/p>\n","protected":false},"excerpt":{"rendered":"<p>Planchers en bois de m\u00e9l\u00e8ze<br \/>rabot\u00e9, c\u00f4tes longitudinaux l\u00e9g\u00e8rement chanfrein\u00e9s, impr\u00e9gn\u00e9 brun<\/p>\n","protected":false},"featured_media":322826,"template":"","meta":[],"product_cat":[59309],"product_tag":[],"_links":{"self":[{"href":"https:\/\/shop.larus.ch\/fr\/wp-json\/wp\/v2\/product\/17142"}],"collection":[{"href":"https:\/\/shop.larus.ch\/fr\/wp-json\/wp\/v2\/product"}],"about":[{"href":"https:\/\/shop.larus.ch\/fr\/wp-json\/wp\/v2\/types\/product"}],"wp:featuredmedia":[{"embeddable":true,"href":"https:\/\/shop.larus.ch\/fr\/wp-json\/wp\/v2\/media\/322826"}],"wp:attachment":[{"href":"https:\/\/shop.larus.ch\/fr\/wp-json\/wp\/v2\/media?parent=17142"}],"wp:term":[{"taxonomy":"product_cat","embeddable":true,"href":"https:\/\/shop.larus.ch\/fr\/wp-json\/wp\/v2\/product_cat?post=17142"},{"taxonomy":"product_tag","embeddable":true,"href":"https:\/\/shop.larus.ch\/fr\/wp-json\/wp\/v2\/product_tag?post=17142"}],"curies":[{"name":"wp","href":"https:\/\/api.w.org\/{rel}","templated":true}]}}