{"id":17141,"date":"2017-09-05T14:32:44","date_gmt":"2017-09-05T12:32:44","guid":{"rendered":"http:\/\/shop.larus.ch.rubin.metanet.ch\/product\/planchers\/"},"modified":"2026-04-16T03:11:31","modified_gmt":"2026-04-16T01:11:31","slug":"planchers","status":"publish","type":"product","link":"https:\/\/shop.larus.ch\/fr\/product\/planchers\/","title":{"rendered":"Planchers"},"content":{"rendered":"<p>Planchers en bois de pin<br \/>rainur\u00e9 des deux c\u00f4t\u00e9s, c\u00f4t\u00e9s longitudinaux l\u00e9g\u00e8rement chanfrein\u00e9s, avec rainure pour connecteur, impr\u00e9gn\u00e9 verd\u00e2tre<br \/>Pircher-no. 50694556<\/p>\n","protected":false},"excerpt":{"rendered":"<p>Planchers en bois de pin<br \/>rainur\u00e9 des deux c\u00f4t\u00e9s, c\u00f4t\u00e9s longitudinaux l\u00e9g\u00e8rement chanfrein\u00e9s, avec rainure pour connecteur, impr\u00e9gn\u00e9 verd\u00e2tre<br \/>Pircher-no. 50694556<\/p>\n","protected":false},"featured_media":323071,"template":"","meta":[],"product_cat":[59307],"product_tag":[],"_links":{"self":[{"href":"https:\/\/shop.larus.ch\/fr\/wp-json\/wp\/v2\/product\/17141"}],"collection":[{"href":"https:\/\/shop.larus.ch\/fr\/wp-json\/wp\/v2\/product"}],"about":[{"href":"https:\/\/shop.larus.ch\/fr\/wp-json\/wp\/v2\/types\/product"}],"wp:featuredmedia":[{"embeddable":true,"href":"https:\/\/shop.larus.ch\/fr\/wp-json\/wp\/v2\/media\/323071"}],"wp:attachment":[{"href":"https:\/\/shop.larus.ch\/fr\/wp-json\/wp\/v2\/media?parent=17141"}],"wp:term":[{"taxonomy":"product_cat","embeddable":true,"href":"https:\/\/shop.larus.ch\/fr\/wp-json\/wp\/v2\/product_cat?post=17141"},{"taxonomy":"product_tag","embeddable":true,"href":"https:\/\/shop.larus.ch\/fr\/wp-json\/wp\/v2\/product_tag?post=17141"}],"curies":[{"name":"wp","href":"https:\/\/api.w.org\/{rel}","templated":true}]}}