{"id":17140,"date":"2017-09-05T14:32:44","date_gmt":"2017-09-05T12:32:44","guid":{"rendered":"http:\/\/shop.larus.ch.rubin.metanet.ch\/product\/planchers\/"},"modified":"2026-04-16T03:06:18","modified_gmt":"2026-04-16T01:06:18","slug":"planchers-3","status":"publish","type":"product","link":"https:\/\/shop.larus.ch\/fr\/product\/planchers-3\/","title":{"rendered":"Planchers"},"content":{"rendered":"<p>Planchers en bois de pin<br \/>rabot\u00e9, c\u00f4t\u00e9s longitudinaux l\u00e9g\u00e8rement chanfrein\u00e9s, impr\u00e9gn\u00e9 verd\u00e2tre<\/p>\n","protected":false},"excerpt":{"rendered":"<p>Planchers en bois de pin<br \/>rabot\u00e9, c\u00f4t\u00e9s longitudinaux l\u00e9g\u00e8rement chanfrein\u00e9s, impr\u00e9gn\u00e9 verd\u00e2tre<\/p>\n","protected":false},"featured_media":324097,"template":"","meta":[],"product_cat":[59307],"product_tag":[],"_links":{"self":[{"href":"https:\/\/shop.larus.ch\/fr\/wp-json\/wp\/v2\/product\/17140"}],"collection":[{"href":"https:\/\/shop.larus.ch\/fr\/wp-json\/wp\/v2\/product"}],"about":[{"href":"https:\/\/shop.larus.ch\/fr\/wp-json\/wp\/v2\/types\/product"}],"wp:featuredmedia":[{"embeddable":true,"href":"https:\/\/shop.larus.ch\/fr\/wp-json\/wp\/v2\/media\/324097"}],"wp:attachment":[{"href":"https:\/\/shop.larus.ch\/fr\/wp-json\/wp\/v2\/media?parent=17140"}],"wp:term":[{"taxonomy":"product_cat","embeddable":true,"href":"https:\/\/shop.larus.ch\/fr\/wp-json\/wp\/v2\/product_cat?post=17140"},{"taxonomy":"product_tag","embeddable":true,"href":"https:\/\/shop.larus.ch\/fr\/wp-json\/wp\/v2\/product_tag?post=17140"}],"curies":[{"name":"wp","href":"https:\/\/api.w.org\/{rel}","templated":true}]}}