{"id":17137,"date":"2017-09-05T14:32:43","date_gmt":"2017-09-05T12:32:43","guid":{"rendered":"http:\/\/shop.larus.ch.rubin.metanet.ch\/product\/planchers\/"},"modified":"2026-04-19T03:16:44","modified_gmt":"2026-04-19T01:16:44","slug":"planchers-2","status":"publish","type":"product","link":"https:\/\/shop.larus.ch\/fr\/product\/planchers-2\/","title":{"rendered":"Planchers"},"content":{"rendered":"<p>Planchers en bois de sapin<br \/>rabot\u00e9, c\u00f4t\u00e9s longitudinaux l\u00e9g\u00e8rement chanfrein\u00e9s, impr\u00e9gn\u00e9 brun<\/p>\n","protected":false},"excerpt":{"rendered":"<p>Planchers en bois de sapin<br \/>rabot\u00e9, c\u00f4t\u00e9s longitudinaux l\u00e9g\u00e8rement chanfrein\u00e9s, impr\u00e9gn\u00e9 brun<\/p>\n","protected":false},"featured_media":323865,"template":"","meta":[],"product_cat":[59305],"product_tag":[],"_links":{"self":[{"href":"https:\/\/shop.larus.ch\/fr\/wp-json\/wp\/v2\/product\/17137"}],"collection":[{"href":"https:\/\/shop.larus.ch\/fr\/wp-json\/wp\/v2\/product"}],"about":[{"href":"https:\/\/shop.larus.ch\/fr\/wp-json\/wp\/v2\/types\/product"}],"wp:featuredmedia":[{"embeddable":true,"href":"https:\/\/shop.larus.ch\/fr\/wp-json\/wp\/v2\/media\/323865"}],"wp:attachment":[{"href":"https:\/\/shop.larus.ch\/fr\/wp-json\/wp\/v2\/media?parent=17137"}],"wp:term":[{"taxonomy":"product_cat","embeddable":true,"href":"https:\/\/shop.larus.ch\/fr\/wp-json\/wp\/v2\/product_cat?post=17137"},{"taxonomy":"product_tag","embeddable":true,"href":"https:\/\/shop.larus.ch\/fr\/wp-json\/wp\/v2\/product_tag?post=17137"}],"curies":[{"name":"wp","href":"https:\/\/api.w.org\/{rel}","templated":true}]}}