{"id":17134,"date":"2017-09-05T14:32:43","date_gmt":"2017-09-05T12:32:43","guid":{"rendered":"http:\/\/shop.larus.ch.rubin.metanet.ch\/product\/serrure-pour-portes-des-portes-croise\/"},"modified":"2026-04-16T03:20:40","modified_gmt":"2026-04-16T01:20:40","slug":"serrure-pour-portes-des-portes-croise","status":"publish","type":"product","link":"https:\/\/shop.larus.ch\/fr\/product\/serrure-pour-portes-des-portes-croise\/","title":{"rendered":"Serrure pour portes des portes crois\u00e9e"},"content":{"rendered":"<p>Serrure pour des portes crois\u00e9e<br \/>avec cl\u00e9 num\u00e9rique, cage de serrure laiton, poign\u00e9e aluminium brut, un c\u00f4t\u00e9 plus long, ardillon, vis de poign\u00e9e inoxydable, vis de fixation inox, gond de fermeture 14 mm, utilisable \u00e0 gauche et \u00e0 droite<\/p>\n","protected":false},"excerpt":{"rendered":"<p>Serrure pour des portes crois\u00e9e<br \/>avec cl\u00e9 num\u00e9rique, cage de serrure laiton, poign\u00e9e aluminium brut, un c\u00f4t\u00e9 plus long, ardillon, vis de poign\u00e9e inoxydable, vis de fixation inox, gond de fermeture 14 mm, utilisable \u00e0 gauche et \u00e0 droite<\/p>\n","protected":false},"featured_media":325700,"template":"","meta":[],"product_cat":[59299],"product_tag":[],"_links":{"self":[{"href":"https:\/\/shop.larus.ch\/fr\/wp-json\/wp\/v2\/product\/17134"}],"collection":[{"href":"https:\/\/shop.larus.ch\/fr\/wp-json\/wp\/v2\/product"}],"about":[{"href":"https:\/\/shop.larus.ch\/fr\/wp-json\/wp\/v2\/types\/product"}],"wp:featuredmedia":[{"embeddable":true,"href":"https:\/\/shop.larus.ch\/fr\/wp-json\/wp\/v2\/media\/325700"}],"wp:attachment":[{"href":"https:\/\/shop.larus.ch\/fr\/wp-json\/wp\/v2\/media?parent=17134"}],"wp:term":[{"taxonomy":"product_cat","embeddable":true,"href":"https:\/\/shop.larus.ch\/fr\/wp-json\/wp\/v2\/product_cat?post=17134"},{"taxonomy":"product_tag","embeddable":true,"href":"https:\/\/shop.larus.ch\/fr\/wp-json\/wp\/v2\/product_tag?post=17134"}],"curies":[{"name":"wp","href":"https:\/\/api.w.org\/{rel}","templated":true}]}}